{"id":2672,"date":"2025-05-26T19:17:58","date_gmt":"2025-05-26T17:17:58","guid":{"rendered":"https:\/\/www.3dprintrg.sk\/?post_type=product&#038;p=2672"},"modified":"2025-05-26T19:18:29","modified_gmt":"2025-05-26T17:18:29","slug":"meno-v-srdiecku","status":"publish","type":"product","link":"https:\/\/www.3dprintrg.sk\/cz\/produkt\/meno-v-srdiecku\/","title":{"rendered":"Meno v srdie\u010dku"},"content":{"rendered":"<p>Meno vo farebnom srdie\u010dku<br \/>\nRozmer 7 cm<br \/>\nDo pozn\u00e1mky pri objedn\u00e1vke si nap\u00ed\u0161te farbu srdie\u010dka , meno bude v\u017edy biele.<\/p>\n<p>Dekor\u00e1cia je vyroben\u00e1 z PLA plastu,plast je vyroben\u00fd z obnovite\u013en\u00fdch zdrojov, ako je kukuri\u010dn\u00fd \u0161krob, cukrov\u00e1 trstina alebo zemiakov\u00fd \u0161krob,PLA plast je netoxick\u00fd a bezpe\u010dn\u00fd na styk s potravinami.<\/p>","protected":false},"excerpt":{"rendered":"<p>Meno vo farebnom srdie\u010dku<br \/>\nRozmer 7 cm<br \/>\nDo pozn\u00e1mky pri objedn\u00e1vke si nap\u00ed\u0161te farbu srdie\u010dka , meno bude v\u017edy biele.<\/p>","protected":false},"featured_media":2673,"comment_status":"open","ping_status":"closed","template":"","meta":{"_et_pb_use_builder":"","_et_pb_old_content":"","_et_gb_content_width":"","iawp_total_views":8},"product_brand":[],"product_cat":[28],"product_tag":[64,367,103,81,65],"class_list":{"0":"post-2672","1":"product","2":"type-product","3":"status-publish","4":"has-post-thumbnail","6":"product_cat-mena","7":"product_tag-meno","8":"product_tag-meno-v-srdiecku","9":"product_tag-srdiecko","10":"product_tag-zapich","11":"product_tag-zapich-meno","12":"wcpa_has_options","14":"first","15":"instock","16":"purchasable","17":"product-type-simple"},"jetpack_sharing_enabled":true,"_links":{"self":[{"href":"https:\/\/www.3dprintrg.sk\/cz\/wp-json\/wp\/v2\/product\/2672","targetHints":{"allow":["GET"]}}],"collection":[{"href":"https:\/\/www.3dprintrg.sk\/cz\/wp-json\/wp\/v2\/product"}],"about":[{"href":"https:\/\/www.3dprintrg.sk\/cz\/wp-json\/wp\/v2\/types\/product"}],"replies":[{"embeddable":true,"href":"https:\/\/www.3dprintrg.sk\/cz\/wp-json\/wp\/v2\/comments?post=2672"}],"wp:featuredmedia":[{"embeddable":true,"href":"https:\/\/www.3dprintrg.sk\/cz\/wp-json\/wp\/v2\/media\/2673"}],"wp:attachment":[{"href":"https:\/\/www.3dprintrg.sk\/cz\/wp-json\/wp\/v2\/media?parent=2672"}],"wp:term":[{"taxonomy":"product_brand","embeddable":true,"href":"https:\/\/www.3dprintrg.sk\/cz\/wp-json\/wp\/v2\/product_brand?post=2672"},{"taxonomy":"product_cat","embeddable":true,"href":"https:\/\/www.3dprintrg.sk\/cz\/wp-json\/wp\/v2\/product_cat?post=2672"},{"taxonomy":"product_tag","embeddable":true,"href":"https:\/\/www.3dprintrg.sk\/cz\/wp-json\/wp\/v2\/product_tag?post=2672"}],"curies":[{"name":"wp","href":"https:\/\/api.w.org\/{rel}","templated":true}]}}