{"id":2674,"date":"2025-05-26T19:26:40","date_gmt":"2025-05-26T17:26:40","guid":{"rendered":"https:\/\/www.3dprintrg.sk\/?post_type=product&#038;p=2674"},"modified":"2025-05-26T19:26:42","modified_gmt":"2025-05-26T17:26:42","slug":"zapich-traktor-2","status":"publish","type":"product","link":"https:\/\/www.3dprintrg.sk\/cz\/produkt\/zapich-traktor-2\/","title":{"rendered":"Z\u00e1pich traktor"},"content":{"rendered":"<p>Dreven\u00fd gravirovan\u00fd z\u00e1pich traktor s mrkvi\u010dkami<br \/>\nRozmer traktora 14 cm <\/p>","protected":false},"excerpt":{"rendered":"<p>Dreven\u00fd gravirovan\u00fd z\u00e1pich traktor s mrkvi\u010dkami<br \/>\nRozmer traktora 14 cm <\/p>","protected":false},"featured_media":2675,"comment_status":"open","ping_status":"closed","template":"","meta":{"_et_pb_use_builder":"","_et_pb_old_content":"","_et_gb_content_width":"","iawp_total_views":9},"product_brand":[],"product_cat":[281,25],"product_tag":[86,81,368],"class_list":{"0":"post-2674","1":"product","2":"type-product","3":"status-publish","4":"has-post-thumbnail","6":"product_cat-vyrobky-z-dreva","7":"product_cat-farebne-obrazkove-zapichy","8":"product_tag-traktor","9":"product_tag-zapich","10":"product_tag-zapich-traktor","12":"first","13":"instock","14":"purchasable","15":"product-type-simple"},"jetpack_sharing_enabled":true,"_links":{"self":[{"href":"https:\/\/www.3dprintrg.sk\/cz\/wp-json\/wp\/v2\/product\/2674","targetHints":{"allow":["GET"]}}],"collection":[{"href":"https:\/\/www.3dprintrg.sk\/cz\/wp-json\/wp\/v2\/product"}],"about":[{"href":"https:\/\/www.3dprintrg.sk\/cz\/wp-json\/wp\/v2\/types\/product"}],"replies":[{"embeddable":true,"href":"https:\/\/www.3dprintrg.sk\/cz\/wp-json\/wp\/v2\/comments?post=2674"}],"wp:featuredmedia":[{"embeddable":true,"href":"https:\/\/www.3dprintrg.sk\/cz\/wp-json\/wp\/v2\/media\/2675"}],"wp:attachment":[{"href":"https:\/\/www.3dprintrg.sk\/cz\/wp-json\/wp\/v2\/media?parent=2674"}],"wp:term":[{"taxonomy":"product_brand","embeddable":true,"href":"https:\/\/www.3dprintrg.sk\/cz\/wp-json\/wp\/v2\/product_brand?post=2674"},{"taxonomy":"product_cat","embeddable":true,"href":"https:\/\/www.3dprintrg.sk\/cz\/wp-json\/wp\/v2\/product_cat?post=2674"},{"taxonomy":"product_tag","embeddable":true,"href":"https:\/\/www.3dprintrg.sk\/cz\/wp-json\/wp\/v2\/product_tag?post=2674"}],"curies":[{"name":"wp","href":"https:\/\/api.w.org\/{rel}","templated":true}]}}