{"id":2698,"date":"2025-06-10T12:19:37","date_gmt":"2025-06-10T10:19:37","guid":{"rendered":"https:\/\/www.3dprintrg.sk\/?post_type=product&#038;p=2698"},"modified":"2025-06-10T12:19:38","modified_gmt":"2025-06-10T10:19:38","slug":"pohar-so-slamkou-teacher-life","status":"publish","type":"product","link":"https:\/\/www.3dprintrg.sk\/cz\/produkt\/pohar-so-slamkou-teacher-life\/","title":{"rendered":"Poh\u00e1r so slamkou TEACHER LIFE"},"content":{"rendered":"<p>Kr\u00e1sny poh\u00e1r v tvare plechovky s ru\u010dne lepen\u00fdm polepom.<\/p>\n<p>Tento poh\u00e1r je ide\u00e1lny pre hor\u00face letn\u00e9 dni, kedy z neho skvele chut\u00ed \u013eadov\u00e1 k\u00e1va, smoothie alebo napr\u00edklad vychladen\u00e9 pivo.<\/p>\n<p>Poh\u00e1rik nie je ur\u010den\u00fd pre hor\u00face n\u00e1poje!<\/p>\n<p>Um\u00fdvajte ru\u010dne, cez polep jemne<\/p>\n<p>Objem: 473ml<\/p>","protected":false},"excerpt":{"rendered":"<p>Kr\u00e1sny poh\u00e1r v tvare plechovky s ru\u010dne lepen\u00fdm polepom.<br \/>\nTEACHER LIFE<br \/>\nPoh\u00e1r dodavan\u00fd aj so slamkou<\/p>","protected":false},"featured_media":2699,"comment_status":"open","ping_status":"closed","template":"","meta":{"_et_pb_use_builder":"","_et_pb_old_content":"","_et_gb_content_width":"","iawp_total_views":184},"product_brand":[],"product_cat":[105,294],"product_tag":[109,108],"class_list":{"0":"post-2698","1":"product","2":"type-product","3":"status-publish","4":"has-post-thumbnail","6":"product_cat-pohare-s-polepom","7":"product_cat-darceky-pre-pani-ucitelky","8":"product_tag-pohar","9":"product_tag-pohar-so-slamkou","11":"first","12":"instock","13":"sale","14":"purchasable","15":"product-type-simple"},"jetpack_sharing_enabled":true,"_links":{"self":[{"href":"https:\/\/www.3dprintrg.sk\/cz\/wp-json\/wp\/v2\/product\/2698","targetHints":{"allow":["GET"]}}],"collection":[{"href":"https:\/\/www.3dprintrg.sk\/cz\/wp-json\/wp\/v2\/product"}],"about":[{"href":"https:\/\/www.3dprintrg.sk\/cz\/wp-json\/wp\/v2\/types\/product"}],"replies":[{"embeddable":true,"href":"https:\/\/www.3dprintrg.sk\/cz\/wp-json\/wp\/v2\/comments?post=2698"}],"wp:featuredmedia":[{"embeddable":true,"href":"https:\/\/www.3dprintrg.sk\/cz\/wp-json\/wp\/v2\/media\/2699"}],"wp:attachment":[{"href":"https:\/\/www.3dprintrg.sk\/cz\/wp-json\/wp\/v2\/media?parent=2698"}],"wp:term":[{"taxonomy":"product_brand","embeddable":true,"href":"https:\/\/www.3dprintrg.sk\/cz\/wp-json\/wp\/v2\/product_brand?post=2698"},{"taxonomy":"product_cat","embeddable":true,"href":"https:\/\/www.3dprintrg.sk\/cz\/wp-json\/wp\/v2\/product_cat?post=2698"},{"taxonomy":"product_tag","embeddable":true,"href":"https:\/\/www.3dprintrg.sk\/cz\/wp-json\/wp\/v2\/product_tag?post=2698"}],"curies":[{"name":"wp","href":"https:\/\/api.w.org\/{rel}","templated":true}]}}