{"id":2700,"date":"2025-06-10T12:29:06","date_gmt":"2025-06-10T10:29:06","guid":{"rendered":"https:\/\/www.3dprintrg.sk\/?post_type=product&#038;p=2700"},"modified":"2025-06-10T12:29:08","modified_gmt":"2025-06-10T10:29:08","slug":"klucenka-s-menom-2","status":"publish","type":"product","link":"https:\/\/www.3dprintrg.sk\/cz\/produkt\/klucenka-s-menom-2\/","title":{"rendered":"K\u013e\u00fa\u010denka s menom"},"content":{"rendered":"<p>K\u013e\u00fa\u010denka s menom pre deti<br \/>\nRozmer cca 8 cm <\/p>","protected":false},"excerpt":{"rendered":"<p>Farebn\u00e1 k\u013e\u00fa\u010denka s menom <\/p>","protected":false},"featured_media":2705,"comment_status":"open","ping_status":"closed","template":"","meta":{"_et_pb_use_builder":"","_et_pb_old_content":"","_et_gb_content_width":"","iawp_total_views":63},"product_brand":[],"product_cat":[29],"product_tag":[374,100,373],"class_list":{"0":"post-2700","1":"product","2":"type-product","3":"status-publish","4":"has-post-thumbnail","6":"product_cat-klucenky","7":"product_tag-klucenka-meno","8":"product_tag-klucenka-s-menom","9":"product_tag-meno-klucenka","10":"wcpa_has_options","12":"first","13":"instock","14":"sale","15":"purchasable","16":"product-type-variable"},"jetpack_sharing_enabled":true,"_links":{"self":[{"href":"https:\/\/www.3dprintrg.sk\/cz\/wp-json\/wp\/v2\/product\/2700","targetHints":{"allow":["GET"]}}],"collection":[{"href":"https:\/\/www.3dprintrg.sk\/cz\/wp-json\/wp\/v2\/product"}],"about":[{"href":"https:\/\/www.3dprintrg.sk\/cz\/wp-json\/wp\/v2\/types\/product"}],"replies":[{"embeddable":true,"href":"https:\/\/www.3dprintrg.sk\/cz\/wp-json\/wp\/v2\/comments?post=2700"}],"wp:featuredmedia":[{"embeddable":true,"href":"https:\/\/www.3dprintrg.sk\/cz\/wp-json\/wp\/v2\/media\/2705"}],"wp:attachment":[{"href":"https:\/\/www.3dprintrg.sk\/cz\/wp-json\/wp\/v2\/media?parent=2700"}],"wp:term":[{"taxonomy":"product_brand","embeddable":true,"href":"https:\/\/www.3dprintrg.sk\/cz\/wp-json\/wp\/v2\/product_brand?post=2700"},{"taxonomy":"product_cat","embeddable":true,"href":"https:\/\/www.3dprintrg.sk\/cz\/wp-json\/wp\/v2\/product_cat?post=2700"},{"taxonomy":"product_tag","embeddable":true,"href":"https:\/\/www.3dprintrg.sk\/cz\/wp-json\/wp\/v2\/product_tag?post=2700"}],"curies":[{"name":"wp","href":"https:\/\/api.w.org\/{rel}","templated":true}]}}