{"id":2710,"date":"2025-06-13T08:08:45","date_gmt":"2025-06-13T06:08:45","guid":{"rendered":"https:\/\/www.3dprintrg.sk\/?post_type=product&#038;p=2710"},"modified":"2025-06-16T21:10:19","modified_gmt":"2025-06-16T19:10:19","slug":"papierovy-zapich-pokemon","status":"publish","type":"product","link":"https:\/\/www.3dprintrg.sk\/cz\/produkt\/papierovy-zapich-pokemon\/","title":{"rendered":"Papierov\u00fd z\u00e1pich pok\u00e9mon"},"content":{"rendered":"<p>Papierov\u00e9 z\u00e1pichy ..pok\u00e9mon..<\/p>","protected":false},"excerpt":{"rendered":"<p>Papierov\u00e9 z\u00e1pichy ..pok\u00e9mon..<\/p>","protected":false},"featured_media":2726,"comment_status":"open","ping_status":"closed","template":"","meta":{"_et_pb_use_builder":"","_et_pb_old_content":"","_et_gb_content_width":"","iawp_total_views":15},"product_brand":[],"product_cat":[26],"product_tag":[379,378],"class_list":{"0":"post-2710","1":"product","2":"type-product","3":"status-publish","4":"has-post-thumbnail","6":"product_cat-papierove-zapichy","7":"product_tag-papierovy-zapich","8":"product_tag-pokemon","10":"first","11":"instock","12":"purchasable","13":"product-type-simple"},"jetpack_sharing_enabled":true,"_links":{"self":[{"href":"https:\/\/www.3dprintrg.sk\/cz\/wp-json\/wp\/v2\/product\/2710","targetHints":{"allow":["GET"]}}],"collection":[{"href":"https:\/\/www.3dprintrg.sk\/cz\/wp-json\/wp\/v2\/product"}],"about":[{"href":"https:\/\/www.3dprintrg.sk\/cz\/wp-json\/wp\/v2\/types\/product"}],"replies":[{"embeddable":true,"href":"https:\/\/www.3dprintrg.sk\/cz\/wp-json\/wp\/v2\/comments?post=2710"}],"wp:featuredmedia":[{"embeddable":true,"href":"https:\/\/www.3dprintrg.sk\/cz\/wp-json\/wp\/v2\/media\/2726"}],"wp:attachment":[{"href":"https:\/\/www.3dprintrg.sk\/cz\/wp-json\/wp\/v2\/media?parent=2710"}],"wp:term":[{"taxonomy":"product_brand","embeddable":true,"href":"https:\/\/www.3dprintrg.sk\/cz\/wp-json\/wp\/v2\/product_brand?post=2710"},{"taxonomy":"product_cat","embeddable":true,"href":"https:\/\/www.3dprintrg.sk\/cz\/wp-json\/wp\/v2\/product_cat?post=2710"},{"taxonomy":"product_tag","embeddable":true,"href":"https:\/\/www.3dprintrg.sk\/cz\/wp-json\/wp\/v2\/product_tag?post=2710"}],"curies":[{"name":"wp","href":"https:\/\/api.w.org\/{rel}","templated":true}]}}