{"id":2724,"date":"2025-06-16T21:06:34","date_gmt":"2025-06-16T19:06:34","guid":{"rendered":"https:\/\/www.3dprintrg.sk\/?post_type=product&#038;p=2724"},"modified":"2025-06-16T21:06:37","modified_gmt":"2025-06-16T19:06:37","slug":"meno-s-cislom-v-style-paw-patrol","status":"publish","type":"product","link":"https:\/\/www.3dprintrg.sk\/cz\/produkt\/meno-s-cislom-v-style-paw-patrol\/","title":{"rendered":"Meno s \u010d\u00edslom v \u0161t\u00fdle Paw Patrol"},"content":{"rendered":"<p>Meno  s \u010d\u00edslom v t\u00e9me Paw patrol<br \/>\n Rozmer 13cm <\/p>\n<p>Dekor\u00e1cia je vyroben\u00e1 z PLA plastu,plast je vyroben\u00fd z obnovite\u013en\u00fdch zdrojov, ako je kukuri\u010dn\u00fd \u0161krob, cukrov\u00e1 trstina alebo zemiakov\u00fd \u0161krob,PLA plast je netoxick\u00fd a bezpe\u010dn\u00fd na styk s potravinami.<\/p>","protected":false},"excerpt":{"rendered":"<p>Meno s \u010d\u00edslom v t\u00e9me Paw patrol <\/p>","protected":false},"featured_media":2725,"comment_status":"open","ping_status":"closed","template":"","meta":{"_et_pb_use_builder":"","_et_pb_old_content":"","_et_gb_content_width":"","iawp_total_views":31},"product_brand":[],"product_cat":[28,21],"product_tag":[70,385,64,134],"class_list":{"0":"post-2724","1":"product","2":"type-product","3":"status-publish","4":"has-post-thumbnail","6":"product_cat-mena","7":"product_cat-jednocisla","8":"product_tag-cislo","9":"product_tag-labkova-patrola","10":"product_tag-meno","11":"product_tag-paw-patrol","12":"wcpa_has_options","14":"first","15":"instock","16":"purchasable","17":"product-type-simple"},"jetpack_sharing_enabled":true,"_links":{"self":[{"href":"https:\/\/www.3dprintrg.sk\/cz\/wp-json\/wp\/v2\/product\/2724","targetHints":{"allow":["GET"]}}],"collection":[{"href":"https:\/\/www.3dprintrg.sk\/cz\/wp-json\/wp\/v2\/product"}],"about":[{"href":"https:\/\/www.3dprintrg.sk\/cz\/wp-json\/wp\/v2\/types\/product"}],"replies":[{"embeddable":true,"href":"https:\/\/www.3dprintrg.sk\/cz\/wp-json\/wp\/v2\/comments?post=2724"}],"wp:featuredmedia":[{"embeddable":true,"href":"https:\/\/www.3dprintrg.sk\/cz\/wp-json\/wp\/v2\/media\/2725"}],"wp:attachment":[{"href":"https:\/\/www.3dprintrg.sk\/cz\/wp-json\/wp\/v2\/media?parent=2724"}],"wp:term":[{"taxonomy":"product_brand","embeddable":true,"href":"https:\/\/www.3dprintrg.sk\/cz\/wp-json\/wp\/v2\/product_brand?post=2724"},{"taxonomy":"product_cat","embeddable":true,"href":"https:\/\/www.3dprintrg.sk\/cz\/wp-json\/wp\/v2\/product_cat?post=2724"},{"taxonomy":"product_tag","embeddable":true,"href":"https:\/\/www.3dprintrg.sk\/cz\/wp-json\/wp\/v2\/product_tag?post=2724"}],"curies":[{"name":"wp","href":"https:\/\/api.w.org\/{rel}","templated":true}]}}