{"id":2742,"date":"2025-06-20T21:02:02","date_gmt":"2025-06-20T19:02:02","guid":{"rendered":"https:\/\/www.3dprintrg.sk\/?post_type=product&#038;p=2742"},"modified":"2025-06-20T21:02:05","modified_gmt":"2025-06-20T19:02:05","slug":"klucenka-labubu","status":"publish","type":"product","link":"https:\/\/www.3dprintrg.sk\/cz\/produkt\/klucenka-labubu\/","title":{"rendered":"Klu\u010denka LABUBU"},"content":{"rendered":"<p>Si zberate\u013e Pop Mart fig\u00farok alebo jednoducho miluje\u0161 svet Labubu?<br \/>\nPotom je t\u00e1to kl\u00fa\u010denka must-have k\u00faskom pre tvoju zbierku!<br \/>\nDokonal\u00fd sp\u00f4sob, ako si vzia\u0165 svojho ob\u013e\u00faben\u00e9ho nezbedn\u00edka so sebou kamko\u013evek ide\u0161.<br \/>\nObmedzen\u00e9 mno\u017estvo, tak neh\u00e1vaj!<\/p>\n<p>Dekor\u00e1cia je vyroben\u00e1 z PLA plastu,plast je vyroben\u00fd z obnovite\u013en\u00fdch zdrojov, ako je kukuri\u010dn\u00fd \u0161krob, cukrov\u00e1 trstina alebo zemiakov\u00fd \u0161krob,PLA plast je netoxick\u00fd a bezpe\u010dn\u00fd na styk s potravinami.<\/p>","protected":false},"excerpt":{"rendered":"<p>Si zberate\u013e Pop Mart fig\u00farok alebo jednoducho miluje\u0161 svet Labubu?<br \/>\nPotom je t\u00e1to kl\u00fa\u010denka must-have k\u00faskom pre tvoju zbierku!<br \/>\nDokonal\u00fd sp\u00f4sob, ako si vzia\u0165 svojho ob\u013e\u00faben\u00e9ho nezbedn\u00edka so sebou kamko\u013evek ide\u0161.<br \/>\nObmedzen\u00e9 mno\u017estvo, tak neh\u00e1vaj!<\/p>","protected":false},"featured_media":2746,"comment_status":"open","ping_status":"closed","template":"","meta":{"_et_pb_use_builder":"","_et_pb_old_content":"","_et_gb_content_width":"","iawp_total_views":80},"product_brand":[],"product_cat":[29],"product_tag":[52,392,391],"class_list":{"0":"post-2742","1":"product","2":"type-product","3":"status-publish","4":"has-post-thumbnail","6":"product_cat-klucenky","7":"product_tag-klucenka","8":"product_tag-klucenka-labubu","9":"product_tag-labubu","11":"first","12":"instock","13":"sale","14":"purchasable","15":"product-type-variable"},"jetpack_sharing_enabled":true,"_links":{"self":[{"href":"https:\/\/www.3dprintrg.sk\/cz\/wp-json\/wp\/v2\/product\/2742","targetHints":{"allow":["GET"]}}],"collection":[{"href":"https:\/\/www.3dprintrg.sk\/cz\/wp-json\/wp\/v2\/product"}],"about":[{"href":"https:\/\/www.3dprintrg.sk\/cz\/wp-json\/wp\/v2\/types\/product"}],"replies":[{"embeddable":true,"href":"https:\/\/www.3dprintrg.sk\/cz\/wp-json\/wp\/v2\/comments?post=2742"}],"wp:featuredmedia":[{"embeddable":true,"href":"https:\/\/www.3dprintrg.sk\/cz\/wp-json\/wp\/v2\/media\/2746"}],"wp:attachment":[{"href":"https:\/\/www.3dprintrg.sk\/cz\/wp-json\/wp\/v2\/media?parent=2742"}],"wp:term":[{"taxonomy":"product_brand","embeddable":true,"href":"https:\/\/www.3dprintrg.sk\/cz\/wp-json\/wp\/v2\/product_brand?post=2742"},{"taxonomy":"product_cat","embeddable":true,"href":"https:\/\/www.3dprintrg.sk\/cz\/wp-json\/wp\/v2\/product_cat?post=2742"},{"taxonomy":"product_tag","embeddable":true,"href":"https:\/\/www.3dprintrg.sk\/cz\/wp-json\/wp\/v2\/product_tag?post=2742"}],"curies":[{"name":"wp","href":"https:\/\/api.w.org\/{rel}","templated":true}]}}