{"id":2758,"date":"2025-06-25T22:16:29","date_gmt":"2025-06-25T20:16:29","guid":{"rendered":"https:\/\/www.3dprintrg.sk\/?post_type=product&#038;p=2758"},"modified":"2026-04-19T23:52:07","modified_gmt":"2026-04-19T21:52:07","slug":"drevene-srdiecka","status":"publish","type":"product","link":"https:\/\/www.3dprintrg.sk\/cz\/produkt\/drevene-srdiecka\/","title":{"rendered":"Dreven\u00e9 srdie\u010dka"},"content":{"rendered":"<p>Dreven\u00e9 srdie\u010dka vyroben\u00e9 z 3 mm preglejky.<br \/>\n Srdie\u010dka s rozmerom od 13mm.<br \/>\n Hrany s\u00fa v\u017edy tmav\u00e9 od rezania.<br \/>\nNa dozdobenie svadobn\u00fdch pierok<br \/>\n Cena uveden\u00e1 za 1ks.<\/p>","protected":false},"excerpt":{"rendered":"<p>Dreven\u00e9 srdie\u010dka vyroben\u00e9 z 3 mm preglejky.<br \/>\n Srdie\u010dka s rozmerom od 13mm.<br \/>\n Hrany s\u00fa v\u017edy tmav\u00e9 od rezania.<br \/>\n Cena uveden\u00e1 za 1ks.<\/p>","protected":false},"featured_media":2759,"comment_status":"open","ping_status":"closed","template":"","meta":{"_et_pb_use_builder":"","_et_pb_old_content":"","_et_gb_content_width":"","iawp_total_views":12},"product_brand":[],"product_cat":[281,27],"product_tag":[393,103],"class_list":{"0":"post-2758","1":"product","2":"type-product","3":"status-publish","4":"has-post-thumbnail","6":"product_cat-vyrobky-z-dreva","7":"product_cat-svadobne-zapichy","8":"product_tag-drevene-srdiecko","9":"product_tag-srdiecko","11":"first","12":"instock","13":"purchasable","14":"product-type-simple"},"jetpack_sharing_enabled":true,"_links":{"self":[{"href":"https:\/\/www.3dprintrg.sk\/cz\/wp-json\/wp\/v2\/product\/2758","targetHints":{"allow":["GET"]}}],"collection":[{"href":"https:\/\/www.3dprintrg.sk\/cz\/wp-json\/wp\/v2\/product"}],"about":[{"href":"https:\/\/www.3dprintrg.sk\/cz\/wp-json\/wp\/v2\/types\/product"}],"replies":[{"embeddable":true,"href":"https:\/\/www.3dprintrg.sk\/cz\/wp-json\/wp\/v2\/comments?post=2758"}],"wp:featuredmedia":[{"embeddable":true,"href":"https:\/\/www.3dprintrg.sk\/cz\/wp-json\/wp\/v2\/media\/2759"}],"wp:attachment":[{"href":"https:\/\/www.3dprintrg.sk\/cz\/wp-json\/wp\/v2\/media?parent=2758"}],"wp:term":[{"taxonomy":"product_brand","embeddable":true,"href":"https:\/\/www.3dprintrg.sk\/cz\/wp-json\/wp\/v2\/product_brand?post=2758"},{"taxonomy":"product_cat","embeddable":true,"href":"https:\/\/www.3dprintrg.sk\/cz\/wp-json\/wp\/v2\/product_cat?post=2758"},{"taxonomy":"product_tag","embeddable":true,"href":"https:\/\/www.3dprintrg.sk\/cz\/wp-json\/wp\/v2\/product_tag?post=2758"}],"curies":[{"name":"wp","href":"https:\/\/api.w.org\/{rel}","templated":true}]}}