{"id":2762,"date":"2025-06-25T22:21:43","date_gmt":"2025-06-25T20:21:43","guid":{"rendered":"https:\/\/www.3dprintrg.sk\/?post_type=product&#038;p=2762"},"modified":"2025-06-25T22:21:46","modified_gmt":"2025-06-25T20:21:46","slug":"drevene-srdiecko-s-textom-na-svadobne-pierka","status":"publish","type":"product","link":"https:\/\/www.3dprintrg.sk\/cz\/produkt\/drevene-srdiecko-s-textom-na-svadobne-pierka\/","title":{"rendered":"Dreven\u00e9 srdie\u010dko s textom na svadobn\u00e9 pierka"},"content":{"rendered":"<p>Dreven\u00e9 srdie\u010dko s textom na pierka na \u010fal\u0161ie tvorenie <\/p>\n<p>Ve\u013ekos\u0165 srdie\u010dka je 2,5cm <\/p>\n<p>Cena je za 1 ks <\/p>","protected":false},"excerpt":{"rendered":"<p>Dreven\u00e9 srdie\u010dko s textom na pierka na \u010fal\u0161ie tvorenie <\/p>\n<p>Ve\u013ekos\u0165 srdie\u010dka je 2,5cm <\/p>\n<p>Cena je za 1 ks <\/p>","protected":false},"featured_media":2763,"comment_status":"open","ping_status":"closed","template":"","meta":{"_et_pb_use_builder":"","_et_pb_old_content":"","_et_gb_content_width":"","iawp_total_views":16},"product_brand":[],"product_cat":[281,27],"product_tag":[393,394,103,395],"class_list":{"0":"post-2762","1":"product","2":"type-product","3":"status-publish","4":"has-post-thumbnail","6":"product_cat-vyrobky-z-dreva","7":"product_cat-svadobne-zapichy","8":"product_tag-drevene-srdiecko","9":"product_tag-pierko","10":"product_tag-srdiecko","11":"product_tag-srdiecko-na-pierka","12":"wcpa_has_options","14":"first","15":"instock","16":"purchasable","17":"product-type-simple"},"jetpack_sharing_enabled":true,"_links":{"self":[{"href":"https:\/\/www.3dprintrg.sk\/cz\/wp-json\/wp\/v2\/product\/2762","targetHints":{"allow":["GET"]}}],"collection":[{"href":"https:\/\/www.3dprintrg.sk\/cz\/wp-json\/wp\/v2\/product"}],"about":[{"href":"https:\/\/www.3dprintrg.sk\/cz\/wp-json\/wp\/v2\/types\/product"}],"replies":[{"embeddable":true,"href":"https:\/\/www.3dprintrg.sk\/cz\/wp-json\/wp\/v2\/comments?post=2762"}],"wp:featuredmedia":[{"embeddable":true,"href":"https:\/\/www.3dprintrg.sk\/cz\/wp-json\/wp\/v2\/media\/2763"}],"wp:attachment":[{"href":"https:\/\/www.3dprintrg.sk\/cz\/wp-json\/wp\/v2\/media?parent=2762"}],"wp:term":[{"taxonomy":"product_brand","embeddable":true,"href":"https:\/\/www.3dprintrg.sk\/cz\/wp-json\/wp\/v2\/product_brand?post=2762"},{"taxonomy":"product_cat","embeddable":true,"href":"https:\/\/www.3dprintrg.sk\/cz\/wp-json\/wp\/v2\/product_cat?post=2762"},{"taxonomy":"product_tag","embeddable":true,"href":"https:\/\/www.3dprintrg.sk\/cz\/wp-json\/wp\/v2\/product_tag?post=2762"}],"curies":[{"name":"wp","href":"https:\/\/api.w.org\/{rel}","templated":true}]}}