{"id":2775,"date":"2025-06-25T22:46:46","date_gmt":"2025-06-25T20:46:46","guid":{"rendered":"https:\/\/www.3dprintrg.sk\/?post_type=product&#038;p=2775"},"modified":"2025-06-25T22:46:47","modified_gmt":"2025-06-25T20:46:47","slug":"meno-v-kruhu","status":"publish","type":"product","link":"https:\/\/www.3dprintrg.sk\/cz\/produkt\/meno-v-kruhu\/","title":{"rendered":"Meno v kruhu"},"content":{"rendered":"<p>Meno vo farebnom kruhu<br \/>\nRozmer 7 cm<br \/>\nDo pozn\u00e1mky pri objedn\u00e1vke si nap\u00ed\u0161te farbu kruhu a meno <\/p>","protected":false},"excerpt":{"rendered":"<p>Meno vo farebnom kruhu<br \/>\nRozmer 7 cm<br \/>\nDo pozn\u00e1mky pri objedn\u00e1vke si nap\u00ed\u0161te farbu kruhu a meno <\/p>","protected":false},"featured_media":2776,"comment_status":"open","ping_status":"closed","template":"","meta":{"_et_pb_use_builder":"","_et_pb_old_content":"","_et_gb_content_width":"","iawp_total_views":9},"product_brand":[],"product_cat":[28],"product_tag":[64,81,65],"class_list":{"0":"post-2775","1":"product","2":"type-product","3":"status-publish","4":"has-post-thumbnail","6":"product_cat-mena","7":"product_tag-meno","8":"product_tag-zapich","9":"product_tag-zapich-meno","10":"wcpa_has_options","12":"first","13":"instock","14":"purchasable","15":"product-type-simple"},"jetpack_sharing_enabled":true,"_links":{"self":[{"href":"https:\/\/www.3dprintrg.sk\/cz\/wp-json\/wp\/v2\/product\/2775","targetHints":{"allow":["GET"]}}],"collection":[{"href":"https:\/\/www.3dprintrg.sk\/cz\/wp-json\/wp\/v2\/product"}],"about":[{"href":"https:\/\/www.3dprintrg.sk\/cz\/wp-json\/wp\/v2\/types\/product"}],"replies":[{"embeddable":true,"href":"https:\/\/www.3dprintrg.sk\/cz\/wp-json\/wp\/v2\/comments?post=2775"}],"wp:featuredmedia":[{"embeddable":true,"href":"https:\/\/www.3dprintrg.sk\/cz\/wp-json\/wp\/v2\/media\/2776"}],"wp:attachment":[{"href":"https:\/\/www.3dprintrg.sk\/cz\/wp-json\/wp\/v2\/media?parent=2775"}],"wp:term":[{"taxonomy":"product_brand","embeddable":true,"href":"https:\/\/www.3dprintrg.sk\/cz\/wp-json\/wp\/v2\/product_brand?post=2775"},{"taxonomy":"product_cat","embeddable":true,"href":"https:\/\/www.3dprintrg.sk\/cz\/wp-json\/wp\/v2\/product_cat?post=2775"},{"taxonomy":"product_tag","embeddable":true,"href":"https:\/\/www.3dprintrg.sk\/cz\/wp-json\/wp\/v2\/product_tag?post=2775"}],"curies":[{"name":"wp","href":"https:\/\/api.w.org\/{rel}","templated":true}]}}