{"id":2853,"date":"2025-07-07T18:40:16","date_gmt":"2025-07-07T16:40:16","guid":{"rendered":"https:\/\/www.3dprintrg.sk\/?post_type=product&#038;p=2853"},"modified":"2025-07-07T18:40:19","modified_gmt":"2025-07-07T16:40:19","slug":"pozvanka-na-detsku-oslavu","status":"publish","type":"product","link":"https:\/\/www.3dprintrg.sk\/cz\/produkt\/pozvanka-na-detsku-oslavu\/","title":{"rendered":"Pozv\u00e1nka na detsk\u00fa oslavu"},"content":{"rendered":"<p>Vesel\u00e1 pozv\u00e1nka na detsk\u00fa narodeninov\u00fa oslavu s lev\u00edkom<br \/>\n Narodeninov\u00e1 pozv\u00e1nka je vytla\u010den\u00e1 na kvalitnom 350g kart\u00f3ne. <\/p>\n<p>Rozmer 14x 10 (A6)<br \/>\nDod\u00e1vame aj s ob\u00e1lkou<\/p>","protected":false},"excerpt":{"rendered":"<p>Vesel\u00e1 pozv\u00e1nka na detsk\u00fa narodeninov\u00fa oslavu s lev\u00edkom<\/p>","protected":false},"featured_media":2854,"comment_status":"open","ping_status":"closed","template":"","meta":{"_et_pb_use_builder":"","_et_pb_old_content":"","_et_gb_content_width":"","iawp_total_views":15},"product_brand":[],"product_cat":[272],"product_tag":[408],"class_list":{"0":"post-2853","1":"product","2":"type-product","3":"status-publish","4":"has-post-thumbnail","6":"product_cat-pozvanky","7":"product_tag-pozvanka","8":"wcpa_has_options","10":"first","11":"instock","12":"purchasable","13":"product-type-simple"},"jetpack_sharing_enabled":true,"_links":{"self":[{"href":"https:\/\/www.3dprintrg.sk\/cz\/wp-json\/wp\/v2\/product\/2853","targetHints":{"allow":["GET"]}}],"collection":[{"href":"https:\/\/www.3dprintrg.sk\/cz\/wp-json\/wp\/v2\/product"}],"about":[{"href":"https:\/\/www.3dprintrg.sk\/cz\/wp-json\/wp\/v2\/types\/product"}],"replies":[{"embeddable":true,"href":"https:\/\/www.3dprintrg.sk\/cz\/wp-json\/wp\/v2\/comments?post=2853"}],"wp:featuredmedia":[{"embeddable":true,"href":"https:\/\/www.3dprintrg.sk\/cz\/wp-json\/wp\/v2\/media\/2854"}],"wp:attachment":[{"href":"https:\/\/www.3dprintrg.sk\/cz\/wp-json\/wp\/v2\/media?parent=2853"}],"wp:term":[{"taxonomy":"product_brand","embeddable":true,"href":"https:\/\/www.3dprintrg.sk\/cz\/wp-json\/wp\/v2\/product_brand?post=2853"},{"taxonomy":"product_cat","embeddable":true,"href":"https:\/\/www.3dprintrg.sk\/cz\/wp-json\/wp\/v2\/product_cat?post=2853"},{"taxonomy":"product_tag","embeddable":true,"href":"https:\/\/www.3dprintrg.sk\/cz\/wp-json\/wp\/v2\/product_tag?post=2853"}],"curies":[{"name":"wp","href":"https:\/\/api.w.org\/{rel}","templated":true}]}}