{"id":2861,"date":"2025-07-07T20:14:30","date_gmt":"2025-07-07T18:14:30","guid":{"rendered":"https:\/\/www.3dprintrg.sk\/?post_type=product&#038;p=2861"},"modified":"2025-07-07T20:14:31","modified_gmt":"2025-07-07T18:14:31","slug":"zapich-meno-s-cislom-3","status":"publish","type":"product","link":"https:\/\/www.3dprintrg.sk\/cz\/produkt\/zapich-meno-s-cislom-3\/","title":{"rendered":"Z\u00e1pich meno s \u010d\u00edslom"},"content":{"rendered":"<p>Z\u00e1pich na tortu meno s \u010d\u00edslom.<br \/>\nFont p\u00edsma Maddison<br \/>\nMeno sl\u00fa\u017ei ako z\u00e1pich zvrchu a \u010d\u00edslo z boku torty.<br \/>\nDo pozn\u00e1mky pros\u00edm uvedte ak\u00fa si \u017eel\u00e1te farbu<\/p>\n<p>Dekor\u00e1cia je vyroben\u00e1 z PLA plastu,plast je vyroben\u00fd z obnovite\u013en\u00fdch zdrojov, ako je kukuri\u010dn\u00fd \u0161krob, cukrov\u00e1 trstina alebo zemiakov\u00fd \u0161krob,PLA plast je netoxick\u00fd a bezpe\u010dn\u00fd na styk s potravinami.<\/p>","protected":false},"excerpt":{"rendered":"<p>Z\u00e1pich na tortu meno s \u010d\u00edslom.<br \/>\nFont p\u00edsma Maddison<br \/>\nMeno sl\u00fa\u017ei ako z\u00e1pich zvrchu a \u010d\u00edslo z boku torty.<br \/>\nDo pozn\u00e1mky pros\u00edm uvedte ak\u00fa si \u017eel\u00e1te farbu<\/p>","protected":false},"featured_media":2862,"comment_status":"open","ping_status":"closed","template":"","meta":{"_et_pb_use_builder":"","_et_pb_old_content":"","_et_gb_content_width":"","iawp_total_views":43},"product_brand":[],"product_cat":[28],"product_tag":[70,64,81,65],"class_list":{"0":"post-2861","1":"product","2":"type-product","3":"status-publish","4":"has-post-thumbnail","6":"product_cat-mena","7":"product_tag-cislo","8":"product_tag-meno","9":"product_tag-zapich","10":"product_tag-zapich-meno","11":"wcpa_has_options","13":"first","14":"instock","15":"purchasable","16":"product-type-simple"},"jetpack_sharing_enabled":true,"_links":{"self":[{"href":"https:\/\/www.3dprintrg.sk\/cz\/wp-json\/wp\/v2\/product\/2861","targetHints":{"allow":["GET"]}}],"collection":[{"href":"https:\/\/www.3dprintrg.sk\/cz\/wp-json\/wp\/v2\/product"}],"about":[{"href":"https:\/\/www.3dprintrg.sk\/cz\/wp-json\/wp\/v2\/types\/product"}],"replies":[{"embeddable":true,"href":"https:\/\/www.3dprintrg.sk\/cz\/wp-json\/wp\/v2\/comments?post=2861"}],"wp:featuredmedia":[{"embeddable":true,"href":"https:\/\/www.3dprintrg.sk\/cz\/wp-json\/wp\/v2\/media\/2862"}],"wp:attachment":[{"href":"https:\/\/www.3dprintrg.sk\/cz\/wp-json\/wp\/v2\/media?parent=2861"}],"wp:term":[{"taxonomy":"product_brand","embeddable":true,"href":"https:\/\/www.3dprintrg.sk\/cz\/wp-json\/wp\/v2\/product_brand?post=2861"},{"taxonomy":"product_cat","embeddable":true,"href":"https:\/\/www.3dprintrg.sk\/cz\/wp-json\/wp\/v2\/product_cat?post=2861"},{"taxonomy":"product_tag","embeddable":true,"href":"https:\/\/www.3dprintrg.sk\/cz\/wp-json\/wp\/v2\/product_tag?post=2861"}],"curies":[{"name":"wp","href":"https:\/\/api.w.org\/{rel}","templated":true}]}}