{"id":2896,"date":"2025-07-14T13:02:14","date_gmt":"2025-07-14T11:02:14","guid":{"rendered":"https:\/\/www.3dprintrg.sk\/?post_type=product&#038;p=2896"},"modified":"2025-07-14T13:02:17","modified_gmt":"2025-07-14T11:02:17","slug":"spiderman-2","status":"publish","type":"product","link":"https:\/\/www.3dprintrg.sk\/cz\/produkt\/spiderman-2\/","title":{"rendered":"Spiderman"},"content":{"rendered":"<p>Set z\u00e1pichov spiderman s budovou<br \/>\nRozmer budovy cca 16 cm<br \/>\nSpiderman cca 11 cm <\/p>\n<p>Dekor\u00e1cia je vyroben\u00e1 z PLA plastu,plast je vyroben\u00fd z obnovite\u013en\u00fdch zdrojov, ako je kukuri\u010dn\u00fd \u0161krob, cukrov\u00e1 trstina alebo zemiakov\u00fd \u0161krob,PLA plast je netoxick\u00fd a bezpe\u010dn\u00fd na styk s potravinami.<\/p>","protected":false},"excerpt":{"rendered":"<p>Set z\u00e1pichov spiderman s budovou<\/p>","protected":false},"featured_media":2897,"comment_status":"open","ping_status":"closed","template":"","meta":{"_et_pb_use_builder":"","_et_pb_old_content":"","_et_gb_content_width":"","iawp_total_views":18},"product_brand":[],"product_cat":[25],"product_tag":[420],"class_list":{"0":"post-2896","1":"product","2":"type-product","3":"status-publish","4":"has-post-thumbnail","6":"product_cat-farebne-obrazkove-zapichy","7":"product_tag-spiderman","9":"first","10":"instock","11":"purchasable","12":"product-type-simple"},"jetpack_sharing_enabled":true,"_links":{"self":[{"href":"https:\/\/www.3dprintrg.sk\/cz\/wp-json\/wp\/v2\/product\/2896","targetHints":{"allow":["GET"]}}],"collection":[{"href":"https:\/\/www.3dprintrg.sk\/cz\/wp-json\/wp\/v2\/product"}],"about":[{"href":"https:\/\/www.3dprintrg.sk\/cz\/wp-json\/wp\/v2\/types\/product"}],"replies":[{"embeddable":true,"href":"https:\/\/www.3dprintrg.sk\/cz\/wp-json\/wp\/v2\/comments?post=2896"}],"wp:featuredmedia":[{"embeddable":true,"href":"https:\/\/www.3dprintrg.sk\/cz\/wp-json\/wp\/v2\/media\/2897"}],"wp:attachment":[{"href":"https:\/\/www.3dprintrg.sk\/cz\/wp-json\/wp\/v2\/media?parent=2896"}],"wp:term":[{"taxonomy":"product_brand","embeddable":true,"href":"https:\/\/www.3dprintrg.sk\/cz\/wp-json\/wp\/v2\/product_brand?post=2896"},{"taxonomy":"product_cat","embeddable":true,"href":"https:\/\/www.3dprintrg.sk\/cz\/wp-json\/wp\/v2\/product_cat?post=2896"},{"taxonomy":"product_tag","embeddable":true,"href":"https:\/\/www.3dprintrg.sk\/cz\/wp-json\/wp\/v2\/product_tag?post=2896"}],"curies":[{"name":"wp","href":"https:\/\/api.w.org\/{rel}","templated":true}]}}