{"id":2910,"date":"2025-07-16T13:54:12","date_gmt":"2025-07-16T11:54:12","guid":{"rendered":"https:\/\/www.3dprintrg.sk\/?post_type=product&#038;p=2910"},"modified":"2025-09-12T10:57:57","modified_gmt":"2025-09-12T08:57:57","slug":"drevena-vianocna-ozdoba-s-menom","status":"publish","type":"product","link":"https:\/\/www.3dprintrg.sk\/cz\/produkt\/drevena-vianocna-ozdoba-s-menom\/","title":{"rendered":"Dreven\u00e1 viano\u010dn\u00e1 ozdoba s menom"},"content":{"rendered":"<p>Ozdoba je navrhnut\u00e1 tak, aby sa \u013eahko zavesila na strom\u010dek, ma\u0161\u013eu alebo \u0161n\u00farku a dod\u00e1 va\u0161ej viano\u010dnej v\u00fdzdobe n\u00e1dych tepla a osobitosti.<\/p>\n<p>Je to dokonal\u00fd sp\u00f4sob, ako osl\u00e1vi\u0165 viano\u010dn\u00e9 sviatky s jedine\u010dn\u00fdm \u0161t\u00fdlom a osobn\u00fdm pr\u00edzvukom.<\/p>\n<p>Ka\u017ed\u00e1 ozdoba je vyroben\u00e1 s l\u00e1skou a pozornos\u0165ou k detailom.<br \/>\nMeno ktor\u00e9 chcete vyrobi\u0165, n\u00e1m zanechajte v pozn\u00e1mke. Ak vlo\u017e\u00edte do pozn\u00e1mky jedno meno a d\u00e1te do ko\u0161\u00edka 5 ozd\u00f4b, vyrob\u00edme 5 ozd\u00f4b s rovnak\u00fdm menom. Ak vlo\u017e\u00edte do pozn\u00e1mky 5 mien (oddelen\u00e9 \u010diarkou) a vlo\u017e\u00edte do ko\u0161\u00edka 5 ozd\u00f4b, vyrob\u00edme 5 ozdob s 5 r\u00f4znymi menami. M\u00f4\u017eete vklada\u0165 aj opakuj\u00face sa men\u00e1, napr\u00edklad: 5 ozd\u00f4b v ko\u0161\u00edku a pozn\u00e1mka: Janko, Ferko, Zuzka, Zuzka, Jano.<\/p>\n<p>Rozmer 10 cm <\/p>","protected":false},"excerpt":{"rendered":"<p>Dreven\u00e1 viano\u010dn\u00e1 ozdoba na strom\u010dek s personaliz\u00e1ciou na mieru je jedine\u010dn\u00fdm sp\u00f4sobom, ako prida\u0165 osobn\u00fd dotyk do va\u0161ich viano\u010dn\u00fdch osl\u00e1v. <\/p>\n<p>Nech je to pre va\u0161u rodinu, priate\u013eov alebo kolegov, personalizovan\u00e1 viano\u010dn\u00e1 ozdoba prinesie do v\u00e1\u0161ho domova d\u00e1vku viano\u010dnej radosti a vytvor\u00ed trval\u00fa pamiatku.<\/p>\n<p>Po\u017eadovan\u00e9 meno je potrebn\u00e9 nap\u00edsa\u0165 do pozn\u00e1mky. Meno pros\u00edm nap\u00ed\u0161te s diakritikou.<\/p>","protected":false},"featured_media":2911,"comment_status":"open","ping_status":"closed","template":"","meta":{"_et_pb_use_builder":"","_et_pb_old_content":"","_et_gb_content_width":"","iawp_total_views":19},"product_brand":[],"product_cat":[281,32],"product_tag":[425,426,428,429,427,430],"class_list":{"0":"post-2910","1":"product","2":"type-product","3":"status-publish","4":"has-post-thumbnail","6":"product_cat-vyrobky-z-dreva","7":"product_cat-vianocne-dekoracie","8":"product_tag-banka","9":"product_tag-gula","10":"product_tag-gula-s-menom","11":"product_tag-vianocna-gula-s-menom","12":"product_tag-vianocna-ozdoba","13":"product_tag-vianocna-ozdoba-s-menom","14":"wcpa_has_options","16":"first","17":"instock","18":"purchasable","19":"product-type-simple"},"jetpack_sharing_enabled":true,"_links":{"self":[{"href":"https:\/\/www.3dprintrg.sk\/cz\/wp-json\/wp\/v2\/product\/2910","targetHints":{"allow":["GET"]}}],"collection":[{"href":"https:\/\/www.3dprintrg.sk\/cz\/wp-json\/wp\/v2\/product"}],"about":[{"href":"https:\/\/www.3dprintrg.sk\/cz\/wp-json\/wp\/v2\/types\/product"}],"replies":[{"embeddable":true,"href":"https:\/\/www.3dprintrg.sk\/cz\/wp-json\/wp\/v2\/comments?post=2910"}],"wp:featuredmedia":[{"embeddable":true,"href":"https:\/\/www.3dprintrg.sk\/cz\/wp-json\/wp\/v2\/media\/2911"}],"wp:attachment":[{"href":"https:\/\/www.3dprintrg.sk\/cz\/wp-json\/wp\/v2\/media?parent=2910"}],"wp:term":[{"taxonomy":"product_brand","embeddable":true,"href":"https:\/\/www.3dprintrg.sk\/cz\/wp-json\/wp\/v2\/product_brand?post=2910"},{"taxonomy":"product_cat","embeddable":true,"href":"https:\/\/www.3dprintrg.sk\/cz\/wp-json\/wp\/v2\/product_cat?post=2910"},{"taxonomy":"product_tag","embeddable":true,"href":"https:\/\/www.3dprintrg.sk\/cz\/wp-json\/wp\/v2\/product_tag?post=2910"}],"curies":[{"name":"wp","href":"https:\/\/api.w.org\/{rel}","templated":true}]}}