{"id":2944,"date":"2025-07-18T19:39:01","date_gmt":"2025-07-18T17:39:01","guid":{"rendered":"https:\/\/www.3dprintrg.sk\/?post_type=product&#038;p=2944"},"modified":"2025-09-12T10:57:49","modified_gmt":"2025-09-12T08:57:49","slug":"policajne-auto","status":"publish","type":"product","link":"https:\/\/www.3dprintrg.sk\/cz\/produkt\/policajne-auto\/","title":{"rendered":"Policajn\u00e9 auto"},"content":{"rendered":"<p>Z\u00e1pich policajn\u00e9ho aut\u00ed\u010dka<br \/>\nVyberte si aut\u00ed\u010dko so z\u00e1pichom alebo bez<br \/>\nRozmer 14*8,5 cm <\/p>\n<p> Dekor\u00e1cia je vyroben\u00e1 z PLA plastu,plast je vyroben\u00fd z obnovite\u013en\u00fdch zdrojov, ako je kukuri\u010dn\u00fd \u0161krob, cukrov\u00e1 trstina alebo zemiakov\u00fd \u0161krob,PLA plast je netoxick\u00fd a bezpe\u010dn\u00fd na styk s potravinami.<\/p>","protected":false},"excerpt":{"rendered":"<p>Z\u00e1pich policajn\u00e9ho aut\u00ed\u010dka<br \/>\nVyberte si aut\u00ed\u010dko so z\u00e1pichom alebo bez<br \/>\nRozmer 14*8,5 cm <\/p>","protected":false},"featured_media":2947,"comment_status":"open","ping_status":"closed","template":"","meta":{"_et_pb_use_builder":"","_et_pb_old_content":"","_et_gb_content_width":"","iawp_total_views":10},"product_brand":[],"product_cat":[25],"product_tag":[441,438,440,442],"class_list":{"0":"post-2944","1":"product","2":"type-product","3":"status-publish","4":"has-post-thumbnail","6":"product_cat-farebne-obrazkove-zapichy","7":"product_tag-autko","8":"product_tag-auto","9":"product_tag-policajne-auto","10":"product_tag-policia","12":"first","13":"instock","14":"purchasable","15":"product-type-variable"},"jetpack_sharing_enabled":true,"_links":{"self":[{"href":"https:\/\/www.3dprintrg.sk\/cz\/wp-json\/wp\/v2\/product\/2944","targetHints":{"allow":["GET"]}}],"collection":[{"href":"https:\/\/www.3dprintrg.sk\/cz\/wp-json\/wp\/v2\/product"}],"about":[{"href":"https:\/\/www.3dprintrg.sk\/cz\/wp-json\/wp\/v2\/types\/product"}],"replies":[{"embeddable":true,"href":"https:\/\/www.3dprintrg.sk\/cz\/wp-json\/wp\/v2\/comments?post=2944"}],"wp:featuredmedia":[{"embeddable":true,"href":"https:\/\/www.3dprintrg.sk\/cz\/wp-json\/wp\/v2\/media\/2947"}],"wp:attachment":[{"href":"https:\/\/www.3dprintrg.sk\/cz\/wp-json\/wp\/v2\/media?parent=2944"}],"wp:term":[{"taxonomy":"product_brand","embeddable":true,"href":"https:\/\/www.3dprintrg.sk\/cz\/wp-json\/wp\/v2\/product_brand?post=2944"},{"taxonomy":"product_cat","embeddable":true,"href":"https:\/\/www.3dprintrg.sk\/cz\/wp-json\/wp\/v2\/product_cat?post=2944"},{"taxonomy":"product_tag","embeddable":true,"href":"https:\/\/www.3dprintrg.sk\/cz\/wp-json\/wp\/v2\/product_tag?post=2944"}],"curies":[{"name":"wp","href":"https:\/\/api.w.org\/{rel}","templated":true}]}}