{"id":2984,"date":"2025-07-21T19:01:58","date_gmt":"2025-07-21T17:01:58","guid":{"rendered":"https:\/\/www.3dprintrg.sk\/?post_type=product&#038;p=2984"},"modified":"2025-09-12T10:57:56","modified_gmt":"2025-09-12T08:57:56","slug":"jedly-obrazok-lopta","status":"publish","type":"product","link":"https:\/\/www.3dprintrg.sk\/cz\/produkt\/jedly-obrazok-lopta\/","title":{"rendered":"Jedl\u00fd obr\u00e1zok lopta"},"content":{"rendered":"<p>Jedl\u00fd papier: Obr\u00e1zky vystrihnite a polo\u017ete na hotov\u00fa tortu, kt. vrchn\u00fa \u010das\u0165 m\u00f4\u017eete potrie\u0165 tenkou vrstvou maslov\u00e9ho kr\u00e9mu alebo jedl\u00fdm lepidlom.<\/p>\n<p>Zlo\u017eenie : Zemiakov\u00fd \u0161krob, voda, olivov\u00fd olej, ar\u00f3ma, E102, E122, E133, E151, maltodextr\u00edn, E422, E433, E414, E460i, E466, E202, E330, E955, E965, E460i a E466<\/p>\n<p>Vy\u017eivov\u00e9 hodnoty na 100g:<br \/>\nEnergia: 1376kj\/327kcal<br \/>\nTuky:0g<br \/>\nSacharidy:69g<br \/>\ncukry z toho :0,4g<br \/>\nsol:0,1g<br \/>\nSodik: 40g<\/p>\n<p>Vhodn\u00e9 pre vegetari\u00e1nov a veg\u00e1nov, bez lepku a orechov<br \/>\nBez lakt\u00f3zy, bez pridan\u00e9ho cukru,bez mlie\u010dnych bielkov\u00edn.<br \/>\nBez E171<\/p>\n<p>Skladujte na rovnej ploche, chladnom a suchom mieste mimo priameho slne\u010dn\u00e9ho \u017eiarenia.<br \/>\nTento jedl\u00fd papier neobsahuje f\u00f3liu!<br \/>\nHr\u00fabka tohto pr\u00e9miov\u00e9ho obl\u00e1tkov\u00e9ho papiera je pribli\u017ene 0,6mm.<\/p>","protected":false},"excerpt":{"rendered":"<p>Jedl\u00fd obr\u00e1zok futbalovej lopty<br \/>\nPriemer 20 cm <\/p>","protected":false},"featured_media":2985,"comment_status":"open","ping_status":"closed","template":"","meta":{"_et_pb_use_builder":"","_et_pb_old_content":"","_et_gb_content_width":"","iawp_total_views":23},"product_brand":[],"product_cat":[431],"product_tag":[432,122],"class_list":{"0":"post-2984","1":"product","2":"type-product","3":"status-publish","4":"has-post-thumbnail","6":"product_cat-jedly-obrazok","7":"product_tag-jedly-obrazok","8":"product_tag-lopta","10":"first","11":"instock","12":"purchasable","13":"product-type-simple"},"jetpack_sharing_enabled":true,"_links":{"self":[{"href":"https:\/\/www.3dprintrg.sk\/cz\/wp-json\/wp\/v2\/product\/2984","targetHints":{"allow":["GET"]}}],"collection":[{"href":"https:\/\/www.3dprintrg.sk\/cz\/wp-json\/wp\/v2\/product"}],"about":[{"href":"https:\/\/www.3dprintrg.sk\/cz\/wp-json\/wp\/v2\/types\/product"}],"replies":[{"embeddable":true,"href":"https:\/\/www.3dprintrg.sk\/cz\/wp-json\/wp\/v2\/comments?post=2984"}],"wp:featuredmedia":[{"embeddable":true,"href":"https:\/\/www.3dprintrg.sk\/cz\/wp-json\/wp\/v2\/media\/2985"}],"wp:attachment":[{"href":"https:\/\/www.3dprintrg.sk\/cz\/wp-json\/wp\/v2\/media?parent=2984"}],"wp:term":[{"taxonomy":"product_brand","embeddable":true,"href":"https:\/\/www.3dprintrg.sk\/cz\/wp-json\/wp\/v2\/product_brand?post=2984"},{"taxonomy":"product_cat","embeddable":true,"href":"https:\/\/www.3dprintrg.sk\/cz\/wp-json\/wp\/v2\/product_cat?post=2984"},{"taxonomy":"product_tag","embeddable":true,"href":"https:\/\/www.3dprintrg.sk\/cz\/wp-json\/wp\/v2\/product_tag?post=2984"}],"curies":[{"name":"wp","href":"https:\/\/api.w.org\/{rel}","templated":true}]}}