{"id":2989,"date":"2025-07-24T19:34:03","date_gmt":"2025-07-24T17:34:03","guid":{"rendered":"https:\/\/www.3dprintrg.sk\/?post_type=product&#038;p=2989"},"modified":"2025-08-18T21:47:56","modified_gmt":"2025-08-18T19:47:56","slug":"zapich-vsetko-najlepsie-2","status":"publish","type":"product","link":"https:\/\/www.3dprintrg.sk\/cz\/produkt\/zapich-vsetko-najlepsie-2\/","title":{"rendered":"Zapich V\u0161etko najlep\u0161ie"},"content":{"rendered":"<p>Zlat\u00fd z\u00e1pich V\u0161etko najlep\u0161ie<br \/>\nRozmer 14 cm <\/p>\n<p>Dekor\u00e1cia je vyroben\u00e1 z PLA plastu,plast je vyroben\u00fd z obnovite\u013en\u00fdch zdrojov, ako je kukuri\u010dn\u00fd \u0161krob, cukrov\u00e1 trstina alebo zemiakov\u00fd \u0161krob,PLA plast je netoxick\u00fd a bezpe\u010dn\u00fd na styk s potravinami.<\/p>","protected":false},"excerpt":{"rendered":"<p>Zlat\u00fd z\u00e1pich V\u0161etko najlep\u0161ie <\/p>","protected":false},"featured_media":2990,"comment_status":"open","ping_status":"closed","template":"","meta":{"_et_pb_use_builder":"","_et_pb_old_content":"","_et_gb_content_width":"","iawp_total_views":20},"product_brand":[],"product_cat":[23],"product_tag":[58,81],"class_list":{"0":"post-2989","1":"product","2":"type-product","3":"status-publish","4":"has-post-thumbnail","6":"product_cat-vsetko-najlepsie","7":"product_tag-vsetko-najlepsie","8":"product_tag-zapich","10":"first","11":"instock","12":"purchasable","13":"product-type-simple"},"jetpack_sharing_enabled":true,"_links":{"self":[{"href":"https:\/\/www.3dprintrg.sk\/cz\/wp-json\/wp\/v2\/product\/2989","targetHints":{"allow":["GET"]}}],"collection":[{"href":"https:\/\/www.3dprintrg.sk\/cz\/wp-json\/wp\/v2\/product"}],"about":[{"href":"https:\/\/www.3dprintrg.sk\/cz\/wp-json\/wp\/v2\/types\/product"}],"replies":[{"embeddable":true,"href":"https:\/\/www.3dprintrg.sk\/cz\/wp-json\/wp\/v2\/comments?post=2989"}],"wp:featuredmedia":[{"embeddable":true,"href":"https:\/\/www.3dprintrg.sk\/cz\/wp-json\/wp\/v2\/media\/2990"}],"wp:attachment":[{"href":"https:\/\/www.3dprintrg.sk\/cz\/wp-json\/wp\/v2\/media?parent=2989"}],"wp:term":[{"taxonomy":"product_brand","embeddable":true,"href":"https:\/\/www.3dprintrg.sk\/cz\/wp-json\/wp\/v2\/product_brand?post=2989"},{"taxonomy":"product_cat","embeddable":true,"href":"https:\/\/www.3dprintrg.sk\/cz\/wp-json\/wp\/v2\/product_cat?post=2989"},{"taxonomy":"product_tag","embeddable":true,"href":"https:\/\/www.3dprintrg.sk\/cz\/wp-json\/wp\/v2\/product_tag?post=2989"}],"curies":[{"name":"wp","href":"https:\/\/api.w.org\/{rel}","templated":true}]}}