{"id":2994,"date":"2025-07-27T14:27:52","date_gmt":"2025-07-27T12:27:52","guid":{"rendered":"https:\/\/www.3dprintrg.sk\/?post_type=product&#038;p=2994"},"modified":"2026-01-13T19:26:11","modified_gmt":"2026-01-13T18:26:11","slug":"dekoracne-gulicky-na-tortu","status":"publish","type":"product","link":"https:\/\/www.3dprintrg.sk\/cz\/produkt\/dekoracne-gulicky-na-tortu\/","title":{"rendered":"Dekora\u010dn\u00e9 guli\u010dky na tortu"},"content":{"rendered":"<p>Dekora\u010dn\u00e9 guli\u010dky na tortu  v troch ve\u013ekostiach<br \/>\nSada 12 ks <\/p>\n<p>Dekor\u00e1cia je vyroben\u00e1 z PLA plastu,plast je vyroben\u00fd z obnovite\u013en\u00fdch zdrojov, ako je kukuri\u010dn\u00fd \u0161krob, cukrov\u00e1 trstina alebo zemiakov\u00fd \u0161krob,PLA plast je netoxick\u00fd a bezpe\u010dn\u00fd na styk s potravinami.<\/p>","protected":false},"excerpt":{"rendered":"<p>Dekora\u010dn\u00e9 guli\u010dky na tortu  v troch ve\u013ekostiach<br \/>\nSada 12 ks <\/p>","protected":false},"featured_media":3437,"comment_status":"open","ping_status":"closed","template":"","meta":{"_et_pb_use_builder":"","_et_pb_old_content":"","_et_gb_content_width":"","iawp_total_views":50},"product_brand":[],"product_cat":[77],"product_tag":[450,449,451],"class_list":{"0":"post-2994","1":"product","2":"type-product","3":"status-publish","4":"has-post-thumbnail","6":"product_cat-rozne","7":"product_tag-dekoracne-gulicky","8":"product_tag-gulicky","9":"product_tag-gulicky-na-tortu","11":"first","12":"instock","13":"purchasable","14":"product-type-variable"},"jetpack_sharing_enabled":true,"_links":{"self":[{"href":"https:\/\/www.3dprintrg.sk\/cz\/wp-json\/wp\/v2\/product\/2994","targetHints":{"allow":["GET"]}}],"collection":[{"href":"https:\/\/www.3dprintrg.sk\/cz\/wp-json\/wp\/v2\/product"}],"about":[{"href":"https:\/\/www.3dprintrg.sk\/cz\/wp-json\/wp\/v2\/types\/product"}],"replies":[{"embeddable":true,"href":"https:\/\/www.3dprintrg.sk\/cz\/wp-json\/wp\/v2\/comments?post=2994"}],"wp:featuredmedia":[{"embeddable":true,"href":"https:\/\/www.3dprintrg.sk\/cz\/wp-json\/wp\/v2\/media\/3437"}],"wp:attachment":[{"href":"https:\/\/www.3dprintrg.sk\/cz\/wp-json\/wp\/v2\/media?parent=2994"}],"wp:term":[{"taxonomy":"product_brand","embeddable":true,"href":"https:\/\/www.3dprintrg.sk\/cz\/wp-json\/wp\/v2\/product_brand?post=2994"},{"taxonomy":"product_cat","embeddable":true,"href":"https:\/\/www.3dprintrg.sk\/cz\/wp-json\/wp\/v2\/product_cat?post=2994"},{"taxonomy":"product_tag","embeddable":true,"href":"https:\/\/www.3dprintrg.sk\/cz\/wp-json\/wp\/v2\/product_tag?post=2994"}],"curies":[{"name":"wp","href":"https:\/\/api.w.org\/{rel}","templated":true}]}}