{"id":3018,"date":"2025-08-05T16:55:14","date_gmt":"2025-08-05T14:55:14","guid":{"rendered":"https:\/\/www.3dprintrg.sk\/?post_type=product&#038;p=3018"},"modified":"2025-09-12T10:56:06","modified_gmt":"2025-09-12T08:56:06","slug":"pohar-so-slamkou-pumpkin","status":"publish","type":"product","link":"https:\/\/www.3dprintrg.sk\/cz\/produkt\/pohar-so-slamkou-pumpkin\/","title":{"rendered":"Poh\u00e1r so slamkou &#8211; PUMPKIN"},"content":{"rendered":"<p>Kr\u00e1sny poh\u00e1r v tvare plechovky s ru\u010dne lepen\u00fdm polepom.<\/p>\n<p>Tento poh\u00e1r je ide\u00e1lny pre hor\u00face letn\u00e9 dni, kedy z neho skvele chut\u00ed \u013eadov\u00e1 k\u00e1va, smoothie alebo napr\u00edklad vychladen\u00e9 pivo.<\/p>\n<p>Um\u00fdvajte ru\u010dne, cez polep jemne<\/p>\n<p>Objem: 473ml<\/p>","protected":false},"excerpt":{"rendered":"<p>Kr\u00e1sny poh\u00e1r v tvare plechovky s ru\u010dne lepen\u00fdm polepom.<br \/>\nPUMPKIN<br \/>\nPoh\u00e1r dodavan\u00fd aj so slamkou<\/p>","protected":false},"featured_media":3019,"comment_status":"open","ping_status":"closed","template":"","meta":{"_et_pb_use_builder":"","_et_pb_old_content":"","_et_gb_content_width":"","iawp_total_views":10},"product_brand":[],"product_cat":[105,453],"product_tag":[455,454,109,108,456],"class_list":{"0":"post-3018","1":"product","2":"type-product","3":"status-publish","4":"has-post-thumbnail","6":"product_cat-pohare-s-polepom","7":"product_cat-jesen","8":"product_tag-dyne","9":"product_tag-jesen","10":"product_tag-pohar","11":"product_tag-pohar-so-slamkou","12":"product_tag-tekvica","14":"first","15":"instock","16":"sale","17":"purchasable","18":"product-type-simple"},"jetpack_sharing_enabled":true,"_links":{"self":[{"href":"https:\/\/www.3dprintrg.sk\/cz\/wp-json\/wp\/v2\/product\/3018","targetHints":{"allow":["GET"]}}],"collection":[{"href":"https:\/\/www.3dprintrg.sk\/cz\/wp-json\/wp\/v2\/product"}],"about":[{"href":"https:\/\/www.3dprintrg.sk\/cz\/wp-json\/wp\/v2\/types\/product"}],"replies":[{"embeddable":true,"href":"https:\/\/www.3dprintrg.sk\/cz\/wp-json\/wp\/v2\/comments?post=3018"}],"wp:featuredmedia":[{"embeddable":true,"href":"https:\/\/www.3dprintrg.sk\/cz\/wp-json\/wp\/v2\/media\/3019"}],"wp:attachment":[{"href":"https:\/\/www.3dprintrg.sk\/cz\/wp-json\/wp\/v2\/media?parent=3018"}],"wp:term":[{"taxonomy":"product_brand","embeddable":true,"href":"https:\/\/www.3dprintrg.sk\/cz\/wp-json\/wp\/v2\/product_brand?post=3018"},{"taxonomy":"product_cat","embeddable":true,"href":"https:\/\/www.3dprintrg.sk\/cz\/wp-json\/wp\/v2\/product_cat?post=3018"},{"taxonomy":"product_tag","embeddable":true,"href":"https:\/\/www.3dprintrg.sk\/cz\/wp-json\/wp\/v2\/product_tag?post=3018"}],"curies":[{"name":"wp","href":"https:\/\/api.w.org\/{rel}","templated":true}]}}