{"id":3021,"date":"2025-08-05T17:02:33","date_gmt":"2025-08-05T15:02:33","guid":{"rendered":"https:\/\/www.3dprintrg.sk\/?post_type=product&#038;p=3021"},"modified":"2025-09-12T10:56:11","modified_gmt":"2025-09-12T08:56:11","slug":"duch-jesenna-dekoracia","status":"publish","type":"product","link":"https:\/\/www.3dprintrg.sk\/cz\/produkt\/duch-jesenna-dekoracia\/","title":{"rendered":"Duch jesenn\u00e1 dekor\u00e1cia"},"content":{"rendered":"<p>Dekor\u00e1cia DUCH je vyroben\u00e1 z kvalitn\u00e9ho 3D tla\u010den\u00e9ho materi\u00e1lu, v\u010faka \u010domu je \u013eahk\u00e1 ale z\u00e1rove\u0148 pevn\u00e1<br \/>\nJemn\u00e1 text\u00fara povrchu dod\u00e1va duchovi autentick\u00fd vzh\u013ead.<\/p>\n<p>Dovn\u00fatra sta\u010d\u00ed vlo\u017eit svie\u010dku na baterku a v tme kr\u00e1sne svietia o\u010di.<\/p>\n<p>V\u00fd\u0161ka 11 cm <\/p>","protected":false},"excerpt":{"rendered":"<p>Dekor\u00e1cia DUCH je vyroben\u00e1 z kvalitn\u00e9ho 3D tla\u010den\u00e9ho materi\u00e1lu, v\u010faka \u010domu je \u013eahk\u00e1 ale z\u00e1rove\u0148 pevn\u00e1<br \/>\nJemn\u00e1 text\u00fara povrchu dod\u00e1va duchovi autentick\u00fd vzh\u013ead.<\/p>\n<p>Dovn\u00fatra sta\u010d\u00ed vlo\u017eit svie\u010dku na baterku a v tme kr\u00e1sne svietia o\u010di.<\/p>\n<p>V\u00fd\u0161ka 11 cm <\/p>","protected":false},"featured_media":3022,"comment_status":"open","ping_status":"closed","template":"","meta":{"_et_pb_use_builder":"","_et_pb_old_content":"","_et_gb_content_width":"","iawp_total_views":20},"product_brand":[],"product_cat":[453],"product_tag":[457,458,454],"class_list":{"0":"post-3021","1":"product","2":"type-product","3":"status-publish","4":"has-post-thumbnail","6":"product_cat-jesen","7":"product_tag-dekoracia-duch","8":"product_tag-duch","9":"product_tag-jesen","11":"first","12":"instock","13":"sale","14":"purchasable","15":"product-type-simple"},"jetpack_sharing_enabled":true,"_links":{"self":[{"href":"https:\/\/www.3dprintrg.sk\/cz\/wp-json\/wp\/v2\/product\/3021","targetHints":{"allow":["GET"]}}],"collection":[{"href":"https:\/\/www.3dprintrg.sk\/cz\/wp-json\/wp\/v2\/product"}],"about":[{"href":"https:\/\/www.3dprintrg.sk\/cz\/wp-json\/wp\/v2\/types\/product"}],"replies":[{"embeddable":true,"href":"https:\/\/www.3dprintrg.sk\/cz\/wp-json\/wp\/v2\/comments?post=3021"}],"wp:featuredmedia":[{"embeddable":true,"href":"https:\/\/www.3dprintrg.sk\/cz\/wp-json\/wp\/v2\/media\/3022"}],"wp:attachment":[{"href":"https:\/\/www.3dprintrg.sk\/cz\/wp-json\/wp\/v2\/media?parent=3021"}],"wp:term":[{"taxonomy":"product_brand","embeddable":true,"href":"https:\/\/www.3dprintrg.sk\/cz\/wp-json\/wp\/v2\/product_brand?post=3021"},{"taxonomy":"product_cat","embeddable":true,"href":"https:\/\/www.3dprintrg.sk\/cz\/wp-json\/wp\/v2\/product_cat?post=3021"},{"taxonomy":"product_tag","embeddable":true,"href":"https:\/\/www.3dprintrg.sk\/cz\/wp-json\/wp\/v2\/product_tag?post=3021"}],"curies":[{"name":"wp","href":"https:\/\/api.w.org\/{rel}","templated":true}]}}