{"id":3047,"date":"2025-08-12T14:48:06","date_gmt":"2025-08-12T12:48:06","guid":{"rendered":"https:\/\/www.3dprintrg.sk\/?post_type=product&#038;p=3047"},"modified":"2025-09-12T10:56:07","modified_gmt":"2025-09-12T08:56:07","slug":"menovka-na-stol","status":"publish","type":"product","link":"https:\/\/www.3dprintrg.sk\/cz\/produkt\/menovka-na-stol\/","title":{"rendered":"Menovka na st\u00f4l"},"content":{"rendered":"<p>Menovka na st\u00f4l pre host\u00ed.<br \/>\nRozmer v rozlo\u017eenom stave 9*10 cm <\/p>\n<p>Cena je za 1 ks<\/p>\n<p>-do pozn\u00e1mky uvedte ak\u00fd si \u017eel\u00e1te \u0161t\u00fdl a n\u00e1vrh V\u00e1m po\u0161leme mailom. <\/p>","protected":false},"excerpt":{"rendered":"<p>Menovka na st\u00f4l pre host\u00ed.<br \/>\nRozmer v rozlo\u017eenom stave 9*10 cm <\/p>\n<p>Cena je za 1 ks<\/p>\n<p>-do pozn\u00e1mky uvedte ak\u00fd si \u017eel\u00e1te \u0161t\u00fdl a n\u00e1vrh V\u00e1m po\u0161leme mailom. <\/p>","protected":false},"featured_media":3048,"comment_status":"open","ping_status":"closed","template":"","meta":{"_et_pb_use_builder":"","_et_pb_old_content":"","_et_gb_content_width":"","iawp_total_views":11},"product_brand":[],"product_cat":[272],"product_tag":[462,461],"class_list":{"0":"post-3047","1":"product","2":"type-product","3":"status-publish","4":"has-post-thumbnail","6":"product_cat-pozvanky","7":"product_tag-menovka","8":"product_tag-menovka-na-stol","9":"wcpa_has_options","11":"first","12":"instock","13":"purchasable","14":"product-type-simple"},"jetpack_sharing_enabled":true,"_links":{"self":[{"href":"https:\/\/www.3dprintrg.sk\/cz\/wp-json\/wp\/v2\/product\/3047","targetHints":{"allow":["GET"]}}],"collection":[{"href":"https:\/\/www.3dprintrg.sk\/cz\/wp-json\/wp\/v2\/product"}],"about":[{"href":"https:\/\/www.3dprintrg.sk\/cz\/wp-json\/wp\/v2\/types\/product"}],"replies":[{"embeddable":true,"href":"https:\/\/www.3dprintrg.sk\/cz\/wp-json\/wp\/v2\/comments?post=3047"}],"wp:featuredmedia":[{"embeddable":true,"href":"https:\/\/www.3dprintrg.sk\/cz\/wp-json\/wp\/v2\/media\/3048"}],"wp:attachment":[{"href":"https:\/\/www.3dprintrg.sk\/cz\/wp-json\/wp\/v2\/media?parent=3047"}],"wp:term":[{"taxonomy":"product_brand","embeddable":true,"href":"https:\/\/www.3dprintrg.sk\/cz\/wp-json\/wp\/v2\/product_brand?post=3047"},{"taxonomy":"product_cat","embeddable":true,"href":"https:\/\/www.3dprintrg.sk\/cz\/wp-json\/wp\/v2\/product_cat?post=3047"},{"taxonomy":"product_tag","embeddable":true,"href":"https:\/\/www.3dprintrg.sk\/cz\/wp-json\/wp\/v2\/product_tag?post=3047"}],"curies":[{"name":"wp","href":"https:\/\/api.w.org\/{rel}","templated":true}]}}