{"id":3054,"date":"2025-08-18T21:21:51","date_gmt":"2025-08-18T19:21:51","guid":{"rendered":"https:\/\/www.3dprintrg.sk\/?post_type=product&#038;p=3054"},"modified":"2025-09-12T10:54:47","modified_gmt":"2025-09-12T08:54:47","slug":"herny-zapich","status":"publish","type":"product","link":"https:\/\/www.3dprintrg.sk\/cz\/produkt\/herny-zapich\/","title":{"rendered":"Hern\u00fd z\u00e1pich"},"content":{"rendered":"<p>Z\u00e1pich na tortu vek a hern\u00fd ovl\u00e1da\u010d.<br \/>\nVek si nap\u00ed\u0161te do kol\u00f3nky..vek..<br \/>\n\u0160\u00edrka z\u00e1pichu je cca 14 cm <\/p>\n<p>Dekor\u00e1cia je vyroben\u00e1 z PLA plastu,plast je vyroben\u00fd z obnovite\u013en\u00fdch zdrojov, ako je kukuri\u010dn\u00fd \u0161krob, cukrov\u00e1 trstina alebo zemiakov\u00fd \u0161krob,PLA plast je netoxick\u00fd a bezpe\u010dn\u00fd na styk s potravinami.<\/p>","protected":false},"excerpt":{"rendered":"<p>Z\u00e1pich na tortu vek a hern\u00fd ovl\u00e1da\u010d.<br \/>\n\u0160\u00edrka z\u00e1pichu je cca 14 cm <\/p>","protected":false},"featured_media":3055,"comment_status":"open","ping_status":"closed","template":"","meta":{"_et_pb_use_builder":"","_et_pb_old_content":"","_et_gb_content_width":"","iawp_total_views":194},"product_brand":[],"product_cat":[25],"product_tag":[466,412,465,237,81],"class_list":{"0":"post-3054","1":"product","2":"type-product","3":"status-publish","4":"has-post-thumbnail","6":"product_cat-farebne-obrazkove-zapichy","7":"product_tag-herny-zapich","8":"product_tag-level","9":"product_tag-level-unlocked","10":"product_tag-ovladac","11":"product_tag-zapich","12":"wcpa_has_options","14":"first","15":"instock","16":"purchasable","17":"product-type-simple"},"jetpack_sharing_enabled":true,"_links":{"self":[{"href":"https:\/\/www.3dprintrg.sk\/cz\/wp-json\/wp\/v2\/product\/3054","targetHints":{"allow":["GET"]}}],"collection":[{"href":"https:\/\/www.3dprintrg.sk\/cz\/wp-json\/wp\/v2\/product"}],"about":[{"href":"https:\/\/www.3dprintrg.sk\/cz\/wp-json\/wp\/v2\/types\/product"}],"replies":[{"embeddable":true,"href":"https:\/\/www.3dprintrg.sk\/cz\/wp-json\/wp\/v2\/comments?post=3054"}],"wp:featuredmedia":[{"embeddable":true,"href":"https:\/\/www.3dprintrg.sk\/cz\/wp-json\/wp\/v2\/media\/3055"}],"wp:attachment":[{"href":"https:\/\/www.3dprintrg.sk\/cz\/wp-json\/wp\/v2\/media?parent=3054"}],"wp:term":[{"taxonomy":"product_brand","embeddable":true,"href":"https:\/\/www.3dprintrg.sk\/cz\/wp-json\/wp\/v2\/product_brand?post=3054"},{"taxonomy":"product_cat","embeddable":true,"href":"https:\/\/www.3dprintrg.sk\/cz\/wp-json\/wp\/v2\/product_cat?post=3054"},{"taxonomy":"product_tag","embeddable":true,"href":"https:\/\/www.3dprintrg.sk\/cz\/wp-json\/wp\/v2\/product_tag?post=3054"}],"curies":[{"name":"wp","href":"https:\/\/api.w.org\/{rel}","templated":true}]}}