{"id":3060,"date":"2025-08-18T21:44:16","date_gmt":"2025-08-18T19:44:16","guid":{"rendered":"https:\/\/www.3dprintrg.sk\/?post_type=product&#038;p=3060"},"modified":"2025-09-12T10:54:44","modified_gmt":"2025-09-12T08:54:44","slug":"klucenka-s-koralkovymi-pismenkami","status":"publish","type":"product","link":"https:\/\/www.3dprintrg.sk\/cz\/produkt\/klucenka-s-koralkovymi-pismenkami\/","title":{"rendered":"K\u013e\u00fa\u010denka s koralkov\u00fdmi p\u00edsmenkami"},"content":{"rendered":"<p>K\u013e\u00fa\u010denka s koralkov\u00fdmi p\u00edsmenkami<br \/>\nFarbu strapca si nap\u00ed\u0161te pri objedn\u00e1vke do spr\u00e1vy<\/p>","protected":false},"excerpt":{"rendered":"<p>K\u013e\u00fa\u010denka s koralkov\u00fdmi p\u00edsmenkami<br \/>\nFarbu strapca si nap\u00ed\u0161te pri objedn\u00e1vke do spr\u00e1vy<\/p>","protected":false},"featured_media":3061,"comment_status":"open","ping_status":"closed","template":"","meta":{"_et_pb_use_builder":"","_et_pb_old_content":"","_et_gb_content_width":"","iawp_total_views":4},"product_brand":[],"product_cat":[29],"product_tag":[52,100],"class_list":{"0":"post-3060","1":"product","2":"type-product","3":"status-publish","4":"has-post-thumbnail","6":"product_cat-klucenky","7":"product_tag-klucenka","8":"product_tag-klucenka-s-menom","9":"wcpa_has_options","11":"first","12":"instock","13":"purchasable","14":"product-type-simple"},"jetpack_sharing_enabled":true,"_links":{"self":[{"href":"https:\/\/www.3dprintrg.sk\/cz\/wp-json\/wp\/v2\/product\/3060","targetHints":{"allow":["GET"]}}],"collection":[{"href":"https:\/\/www.3dprintrg.sk\/cz\/wp-json\/wp\/v2\/product"}],"about":[{"href":"https:\/\/www.3dprintrg.sk\/cz\/wp-json\/wp\/v2\/types\/product"}],"replies":[{"embeddable":true,"href":"https:\/\/www.3dprintrg.sk\/cz\/wp-json\/wp\/v2\/comments?post=3060"}],"wp:featuredmedia":[{"embeddable":true,"href":"https:\/\/www.3dprintrg.sk\/cz\/wp-json\/wp\/v2\/media\/3061"}],"wp:attachment":[{"href":"https:\/\/www.3dprintrg.sk\/cz\/wp-json\/wp\/v2\/media?parent=3060"}],"wp:term":[{"taxonomy":"product_brand","embeddable":true,"href":"https:\/\/www.3dprintrg.sk\/cz\/wp-json\/wp\/v2\/product_brand?post=3060"},{"taxonomy":"product_cat","embeddable":true,"href":"https:\/\/www.3dprintrg.sk\/cz\/wp-json\/wp\/v2\/product_cat?post=3060"},{"taxonomy":"product_tag","embeddable":true,"href":"https:\/\/www.3dprintrg.sk\/cz\/wp-json\/wp\/v2\/product_tag?post=3060"}],"curies":[{"name":"wp","href":"https:\/\/api.w.org\/{rel}","templated":true}]}}