{"id":3066,"date":"2025-08-25T23:10:57","date_gmt":"2025-08-25T21:10:57","guid":{"rendered":"https:\/\/www.3dprintrg.sk\/?post_type=product&#038;p=3066"},"modified":"2025-09-12T10:54:09","modified_gmt":"2025-09-12T08:54:09","slug":"snurka-na-krk-pre-deti-s-menom","status":"publish","type":"product","link":"https:\/\/www.3dprintrg.sk\/cz\/produkt\/snurka-na-krk-pre-deti-s-menom\/","title":{"rendered":"\u0160n\u00farka na krk pre deti s menom"},"content":{"rendered":"<p>\u0160n\u00farka na krk pre deti s menom je skvel\u00fd dar\u010dek pre deti ak\u00e9hoko\u013evek veku<br \/>\nJe skvel\u00fdm dar\u010dekom od u\u010diteliek, ale je vhodn\u00e1 aj pre spolu\u017eiakov na narodeniny<br \/>\n-na \u0161n\u00farku si deti m\u00f4\u017eu pripn\u00fa\u0165 k\u013e\u00fa\u010de alebo napr. \u010dip do jed\u00e1lne<br \/>\n-vybra\u0165 si m\u00f4\u017eete z nieko\u013ek\u00fdch farieb, farbu mena prisp\u00f4sobujem &#8211; \u010dierna alebo biela<br \/>\n-cel\u00e1 \u0161n\u00farka je dlh\u00e1 cca 96 cm (48&#215;2) a \u0161irok\u00e1 2 cm, na konci je karab\u00ednka<br \/>\nDo pozn\u00e1mky uvedte meno die\u0165ata a ak chcete aj nejak\u00fd obr\u00e1zok, napriklad ,,motylik NINKA,, a pod. <\/p>","protected":false},"excerpt":{"rendered":"<p>\u0160n\u00farka na krk pre deti s menom je skvel\u00fd dar\u010dek pre deti ak\u00e9hoko\u013evek veku<br \/>\nJe skvel\u00fdm dar\u010dekom od u\u010diteliek, ale je vhodn\u00e1 aj pre spolu\u017eiakov na narodeniny<br \/>\n-na \u0161n\u00farku si deti m\u00f4\u017eu pripn\u00fa\u0165 k\u013e\u00fa\u010de alebo napr. \u010dip do jed\u00e1lne<br \/>\n-vybra\u0165 si m\u00f4\u017eete z nieko\u013ek\u00fdch farieb, farbu mena prisp\u00f4sobujem &#8211; \u010dierna alebo biela<br \/>\n-cel\u00e1 \u0161n\u00farka je dlh\u00e1 cca 96 cm (48&#215;2) a \u0161irok\u00e1 2 cm, na konci je karab\u00ednka<br \/>\nDo pozn\u00e1mky uvedte meno die\u0165ata a ak chcete aj nejak\u00fd obr\u00e1zok, napriklad ,,motylik NINKA,, a pod. <\/p>","protected":false},"featured_media":3075,"comment_status":"open","ping_status":"closed","template":"","meta":{"_et_pb_use_builder":"","_et_pb_old_content":"","_et_gb_content_width":"","iawp_total_views":41},"product_brand":[],"product_cat":[29],"product_tag":[469,468],"class_list":{"0":"post-3066","1":"product","2":"type-product","3":"status-publish","4":"has-post-thumbnail","6":"product_cat-klucenky","7":"product_tag-snurka","8":"product_tag-snurka-na-krk","9":"wcpa_has_options","11":"first","12":"instock","13":"purchasable","14":"product-type-variable"},"jetpack_sharing_enabled":true,"_links":{"self":[{"href":"https:\/\/www.3dprintrg.sk\/cz\/wp-json\/wp\/v2\/product\/3066","targetHints":{"allow":["GET"]}}],"collection":[{"href":"https:\/\/www.3dprintrg.sk\/cz\/wp-json\/wp\/v2\/product"}],"about":[{"href":"https:\/\/www.3dprintrg.sk\/cz\/wp-json\/wp\/v2\/types\/product"}],"replies":[{"embeddable":true,"href":"https:\/\/www.3dprintrg.sk\/cz\/wp-json\/wp\/v2\/comments?post=3066"}],"wp:featuredmedia":[{"embeddable":true,"href":"https:\/\/www.3dprintrg.sk\/cz\/wp-json\/wp\/v2\/media\/3075"}],"wp:attachment":[{"href":"https:\/\/www.3dprintrg.sk\/cz\/wp-json\/wp\/v2\/media?parent=3066"}],"wp:term":[{"taxonomy":"product_brand","embeddable":true,"href":"https:\/\/www.3dprintrg.sk\/cz\/wp-json\/wp\/v2\/product_brand?post=3066"},{"taxonomy":"product_cat","embeddable":true,"href":"https:\/\/www.3dprintrg.sk\/cz\/wp-json\/wp\/v2\/product_cat?post=3066"},{"taxonomy":"product_tag","embeddable":true,"href":"https:\/\/www.3dprintrg.sk\/cz\/wp-json\/wp\/v2\/product_tag?post=3066"}],"curies":[{"name":"wp","href":"https:\/\/api.w.org\/{rel}","templated":true}]}}