{"id":3107,"date":"2025-08-27T19:23:19","date_gmt":"2025-08-27T17:23:19","guid":{"rendered":"https:\/\/www.3dprintrg.sk\/?post_type=product&#038;p=3107"},"modified":"2025-08-27T19:23:22","modified_gmt":"2025-08-27T17:23:22","slug":"klucenka-masla","status":"publish","type":"product","link":"https:\/\/www.3dprintrg.sk\/cz\/produkt\/klucenka-masla\/","title":{"rendered":"K\u013e\u00fa\u010denka ma\u0161\u013ea"},"content":{"rendered":"<p>K\u013e\u00fa\u010denka ma\u0161\u013ea,,bow,,<br \/>\nSkvel\u00fd doplnok na k\u013e\u00fa\u010de, ta\u0161ku, pera\u010dn\u00edk&#8230;.<br \/>\nPri objedn\u00e1vke si nap\u00ed\u0161te farebn\u00fa kombin\u00e1ciu.<br \/>\nNapr\u00edklad spodna farba fialov\u00e1<br \/>\nVrchn\u00e1 farba biela.<\/p>\n<p>Dekor\u00e1cia je vyroben\u00e1 z PLA plastu,plast je vyroben\u00fd z obnovite\u013en\u00fdch zdrojov, ako je kukuri\u010dn\u00fd \u0161krob, cukrov\u00e1 trstina alebo zemiakov\u00fd \u0161krob,PLA plast je netoxick\u00fd a bezpe\u010dn\u00fd na styk s potravinami.<\/p>","protected":false},"excerpt":{"rendered":"<p>K\u013e\u00fa\u010denka ma\u0161\u013ea,,bow,,<br \/>\nSkvel\u00fd doplnok na k\u013e\u00fa\u010de, ta\u0161ku, pera\u010dn\u00edk&#8230;.<br \/>\nPri objedn\u00e1vke si nap\u00ed\u0161te farebn\u00fa kombin\u00e1ciu.<br \/>\nNapr\u00edklad spodna farba fialov\u00e1<br \/>\nVrchn\u00e1 farba biela.<\/p>","protected":false},"featured_media":3108,"comment_status":"open","ping_status":"closed","template":"","meta":{"_et_pb_use_builder":"","_et_pb_old_content":"","_et_gb_content_width":"","iawp_total_views":6},"product_brand":[],"product_cat":[29],"product_tag":[471,52,369,371,470],"class_list":{"0":"post-3107","1":"product","2":"type-product","3":"status-publish","4":"has-post-thumbnail","6":"product_cat-klucenky","7":"product_tag-kluce","8":"product_tag-klucenka","9":"product_tag-klucenka-masla","10":"product_tag-masla","11":"product_tag-privesok-na-kluce","12":"wcpa_has_options","14":"first","15":"instock","16":"purchasable","17":"product-type-simple"},"jetpack_sharing_enabled":true,"_links":{"self":[{"href":"https:\/\/www.3dprintrg.sk\/cz\/wp-json\/wp\/v2\/product\/3107","targetHints":{"allow":["GET"]}}],"collection":[{"href":"https:\/\/www.3dprintrg.sk\/cz\/wp-json\/wp\/v2\/product"}],"about":[{"href":"https:\/\/www.3dprintrg.sk\/cz\/wp-json\/wp\/v2\/types\/product"}],"replies":[{"embeddable":true,"href":"https:\/\/www.3dprintrg.sk\/cz\/wp-json\/wp\/v2\/comments?post=3107"}],"wp:featuredmedia":[{"embeddable":true,"href":"https:\/\/www.3dprintrg.sk\/cz\/wp-json\/wp\/v2\/media\/3108"}],"wp:attachment":[{"href":"https:\/\/www.3dprintrg.sk\/cz\/wp-json\/wp\/v2\/media?parent=3107"}],"wp:term":[{"taxonomy":"product_brand","embeddable":true,"href":"https:\/\/www.3dprintrg.sk\/cz\/wp-json\/wp\/v2\/product_brand?post=3107"},{"taxonomy":"product_cat","embeddable":true,"href":"https:\/\/www.3dprintrg.sk\/cz\/wp-json\/wp\/v2\/product_cat?post=3107"},{"taxonomy":"product_tag","embeddable":true,"href":"https:\/\/www.3dprintrg.sk\/cz\/wp-json\/wp\/v2\/product_tag?post=3107"}],"curies":[{"name":"wp","href":"https:\/\/api.w.org\/{rel}","templated":true}]}}