{"id":3138,"date":"2025-09-01T17:23:59","date_gmt":"2025-09-01T15:23:59","guid":{"rendered":"https:\/\/www.3dprintrg.sk\/?post_type=product&#038;p=3138"},"modified":"2025-09-01T17:24:02","modified_gmt":"2025-09-01T15:24:02","slug":"naznacovac-na-rezy-obdlznik-60x25mm","status":"publish","type":"product","link":"https:\/\/www.3dprintrg.sk\/cz\/produkt\/naznacovac-na-rezy-obdlznik-60x25mm\/","title":{"rendered":"Nazna\u010dova\u010d na rezy obdl\u017enik 60x25mm"},"content":{"rendered":"<p>Plastov\u00fd nazna\u010dova\u010d na rezy v tvare obd\u013a\u017enika s rozmerom 60 x 25mm. V\u00fdrobok pred pou\u017eit\u00edm opl\u00e1chnite vla\u017enou vodou, produkt nie je vhodn\u00fd do um\u00fdva\u010dky riadu a nevystavujte teplot\u00e1m nad 45 stup\u0148ov celzia. Dekor\u00e1cia je vyroben\u00e1 z plastu technol\u00f3giou 3D tla\u010de.<\/p>","protected":false},"excerpt":{"rendered":"<p>Plastov\u00fd nazna\u010dova\u010d na rezy v tvare obd\u013a\u017enika s rozmerom 60 x 25mm. V\u00fdrobok pred pou\u017eit\u00edm opl\u00e1chnite vla\u017enou vodou, produkt nie je vhodn\u00fd do um\u00fdva\u010dky riadu a nevystavujte teplot\u00e1m nad 45 stup\u0148ov celzia. Dekor\u00e1cia je vyroben\u00e1 z plastu technol\u00f3giou 3D tla\u010de.<\/p>","protected":false},"featured_media":3139,"comment_status":"open","ping_status":"closed","template":"","meta":{"_et_pb_use_builder":"","_et_pb_old_content":"","_et_gb_content_width":"","iawp_total_views":111},"product_brand":[],"product_cat":[33],"product_tag":[415,208,472],"class_list":{"0":"post-3138","1":"product","2":"type-product","3":"status-publish","4":"has-post-thumbnail","6":"product_cat-naznacovac-na-zakusky","7":"product_tag-naznacovac","8":"product_tag-naznacovac-na-zakusky","9":"product_tag-torty","11":"first","12":"instock","13":"purchasable","14":"product-type-simple"},"jetpack_sharing_enabled":true,"_links":{"self":[{"href":"https:\/\/www.3dprintrg.sk\/cz\/wp-json\/wp\/v2\/product\/3138","targetHints":{"allow":["GET"]}}],"collection":[{"href":"https:\/\/www.3dprintrg.sk\/cz\/wp-json\/wp\/v2\/product"}],"about":[{"href":"https:\/\/www.3dprintrg.sk\/cz\/wp-json\/wp\/v2\/types\/product"}],"replies":[{"embeddable":true,"href":"https:\/\/www.3dprintrg.sk\/cz\/wp-json\/wp\/v2\/comments?post=3138"}],"wp:featuredmedia":[{"embeddable":true,"href":"https:\/\/www.3dprintrg.sk\/cz\/wp-json\/wp\/v2\/media\/3139"}],"wp:attachment":[{"href":"https:\/\/www.3dprintrg.sk\/cz\/wp-json\/wp\/v2\/media?parent=3138"}],"wp:term":[{"taxonomy":"product_brand","embeddable":true,"href":"https:\/\/www.3dprintrg.sk\/cz\/wp-json\/wp\/v2\/product_brand?post=3138"},{"taxonomy":"product_cat","embeddable":true,"href":"https:\/\/www.3dprintrg.sk\/cz\/wp-json\/wp\/v2\/product_cat?post=3138"},{"taxonomy":"product_tag","embeddable":true,"href":"https:\/\/www.3dprintrg.sk\/cz\/wp-json\/wp\/v2\/product_tag?post=3138"}],"curies":[{"name":"wp","href":"https:\/\/api.w.org\/{rel}","templated":true}]}}