{"id":3166,"date":"2025-09-05T09:13:16","date_gmt":"2025-09-05T07:13:16","guid":{"rendered":"https:\/\/www.3dprintrg.sk\/?post_type=product&#038;p=3166"},"modified":"2026-01-09T10:37:49","modified_gmt":"2026-01-09T09:37:49","slug":"nakupna-taska-cierna-s-textom","status":"publish","type":"product","link":"https:\/\/www.3dprintrg.sk\/cz\/produkt\/nakupna-taska-cierna-s-textom\/","title":{"rendered":"N\u00e1kupn\u00e1 ta\u0161ka \u010dierna s textom"},"content":{"rendered":"<p>Bavlnen\u00e1 n\u00e1kupn\u00e1 ta\u0161ka s textom<br \/>\nRozmer 38&#215;42 cm<\/p>","protected":false},"excerpt":{"rendered":"<p>Bavlnen\u00e1 n\u00e1kupn\u00e1 ta\u0161ka s textom<br \/>\nRozmer 38&#215;42 cm<\/p>","protected":false},"featured_media":3167,"comment_status":"open","ping_status":"closed","template":"","meta":{"_et_pb_use_builder":"","_et_pb_old_content":"","_et_gb_content_width":"","iawp_total_views":51},"product_brand":[],"product_cat":[476],"product_tag":[481,478,479,480,477],"class_list":{"0":"post-3166","1":"product","2":"type-product","3":"status-publish","4":"has-post-thumbnail","6":"product_cat-nakupna-taska","7":"product_tag-nakupna","8":"product_tag-shopper","9":"product_tag-shopperk-bag","10":"product_tag-shopperka","11":"product_tag-taska","13":"first","14":"instock","15":"purchasable","16":"product-type-simple"},"jetpack_sharing_enabled":true,"_links":{"self":[{"href":"https:\/\/www.3dprintrg.sk\/cz\/wp-json\/wp\/v2\/product\/3166","targetHints":{"allow":["GET"]}}],"collection":[{"href":"https:\/\/www.3dprintrg.sk\/cz\/wp-json\/wp\/v2\/product"}],"about":[{"href":"https:\/\/www.3dprintrg.sk\/cz\/wp-json\/wp\/v2\/types\/product"}],"replies":[{"embeddable":true,"href":"https:\/\/www.3dprintrg.sk\/cz\/wp-json\/wp\/v2\/comments?post=3166"}],"wp:featuredmedia":[{"embeddable":true,"href":"https:\/\/www.3dprintrg.sk\/cz\/wp-json\/wp\/v2\/media\/3167"}],"wp:attachment":[{"href":"https:\/\/www.3dprintrg.sk\/cz\/wp-json\/wp\/v2\/media?parent=3166"}],"wp:term":[{"taxonomy":"product_brand","embeddable":true,"href":"https:\/\/www.3dprintrg.sk\/cz\/wp-json\/wp\/v2\/product_brand?post=3166"},{"taxonomy":"product_cat","embeddable":true,"href":"https:\/\/www.3dprintrg.sk\/cz\/wp-json\/wp\/v2\/product_cat?post=3166"},{"taxonomy":"product_tag","embeddable":true,"href":"https:\/\/www.3dprintrg.sk\/cz\/wp-json\/wp\/v2\/product_tag?post=3166"}],"curies":[{"name":"wp","href":"https:\/\/api.w.org\/{rel}","templated":true}]}}