{"id":3200,"date":"2025-09-05T09:52:39","date_gmt":"2025-09-05T07:52:39","guid":{"rendered":"https:\/\/www.3dprintrg.sk\/?post_type=product&#038;p=3200"},"modified":"2026-01-09T10:37:48","modified_gmt":"2026-01-09T09:37:48","slug":"nalepka-na-auto-respect-for-bikers","status":"publish","type":"product","link":"https:\/\/www.3dprintrg.sk\/cz\/produkt\/nalepka-na-auto-respect-for-bikers\/","title":{"rendered":"N\u00e1lepka na auto RESPECT FOR BIKERS"},"content":{"rendered":"<p>N\u00e1lepka na auto RESPECT FOR BIKERS<br \/>\nRozmer 11&#215;15 cm <\/p>\n<p>Vynilov\u00e1 n\u00e1lepka na auto<br \/>\nAk je aplikovan\u00fd povrch \u010dierny, odpor\u00fa\u010dame zak\u00fapi\u0165 n\u00e1lepku v bielej farbe, ak je povrch biely, odpor\u00fa\u010dame zak\u00fapi\u0165 n\u00e1lepku v \u010diernej farbe.<br \/>\nN\u00e1lepky s\u00fa dod\u00e1van\u00e9 s prenosovou f\u00f3liou pre ve\u013emi jednoduch\u00fa in\u0161tal\u00e1ciu.<br \/>\nPred mont\u00e1\u017eou sa uistite, \u017ee ste miesto, kde bude n\u00e1lepka nalepen\u00e1, d\u00f4kladne vy\u010distili.<\/p>","protected":false},"excerpt":{"rendered":"<p>N\u00e1lepka na auto RESPECT FOR BIKERS<br \/>\nRozmer 11&#215;15 cm <\/p>\n<p>Vynilov\u00e1 n\u00e1lepka na auto<br \/>\nAk je aplikovan\u00fd povrch \u010dierny, odpor\u00fa\u010dame zak\u00fapi\u0165 n\u00e1lepku v bielej farbe, ak je povrch biely, odpor\u00fa\u010dame zak\u00fapi\u0165 n\u00e1lepku v \u010diernej farbe.<br \/>\nN\u00e1lepky s\u00fa dod\u00e1van\u00e9 s prenosovou f\u00f3liou pre ve\u013emi jednoduch\u00fa in\u0161tal\u00e1ciu.<br \/>\nPred mont\u00e1\u017eou sa uistite, \u017ee ste miesto, kde bude n\u00e1lepka nalepen\u00e1, d\u00f4kladne vy\u010distili.<\/p>","protected":false},"featured_media":3201,"comment_status":"open","ping_status":"closed","template":"","meta":{"_et_pb_use_builder":"","_et_pb_old_content":"","_et_gb_content_width":"","iawp_total_views":4},"product_brand":[],"product_cat":[43,30],"product_tag":[438,88,488],"class_list":{"0":"post-3200","1":"product","2":"type-product","3":"status-publish","4":"has-post-thumbnail","6":"product_cat-na-auto","7":"product_cat-nalepky","8":"product_tag-auto","9":"product_tag-nalepka-na-auto","10":"product_tag-respect-for-bikers","12":"first","13":"instock","14":"purchasable","15":"product-type-variable"},"jetpack_sharing_enabled":true,"_links":{"self":[{"href":"https:\/\/www.3dprintrg.sk\/cz\/wp-json\/wp\/v2\/product\/3200","targetHints":{"allow":["GET"]}}],"collection":[{"href":"https:\/\/www.3dprintrg.sk\/cz\/wp-json\/wp\/v2\/product"}],"about":[{"href":"https:\/\/www.3dprintrg.sk\/cz\/wp-json\/wp\/v2\/types\/product"}],"replies":[{"embeddable":true,"href":"https:\/\/www.3dprintrg.sk\/cz\/wp-json\/wp\/v2\/comments?post=3200"}],"wp:featuredmedia":[{"embeddable":true,"href":"https:\/\/www.3dprintrg.sk\/cz\/wp-json\/wp\/v2\/media\/3201"}],"wp:attachment":[{"href":"https:\/\/www.3dprintrg.sk\/cz\/wp-json\/wp\/v2\/media?parent=3200"}],"wp:term":[{"taxonomy":"product_brand","embeddable":true,"href":"https:\/\/www.3dprintrg.sk\/cz\/wp-json\/wp\/v2\/product_brand?post=3200"},{"taxonomy":"product_cat","embeddable":true,"href":"https:\/\/www.3dprintrg.sk\/cz\/wp-json\/wp\/v2\/product_cat?post=3200"},{"taxonomy":"product_tag","embeddable":true,"href":"https:\/\/www.3dprintrg.sk\/cz\/wp-json\/wp\/v2\/product_tag?post=3200"}],"curies":[{"name":"wp","href":"https:\/\/api.w.org\/{rel}","templated":true}]}}