{"id":3207,"date":"2025-09-08T21:03:20","date_gmt":"2025-09-08T19:03:20","guid":{"rendered":"https:\/\/www.3dprintrg.sk\/?post_type=product&#038;p=3207"},"modified":"2026-01-09T10:37:41","modified_gmt":"2026-01-09T09:37:41","slug":"spongebob-tvar-a-ruky","status":"publish","type":"product","link":"https:\/\/www.3dprintrg.sk\/cz\/produkt\/spongebob-tvar-a-ruky\/","title":{"rendered":"Spongebob tv\u00e1r a ruky"},"content":{"rendered":"<p>Z\u00e1pich na tortu SpongeBob  tv\u00e1r a ruky z ob\u013e\u00fabenej  rozpr\u00e1vky SpongeBob.  Tento z\u00e1pich obsahuje sadu Tv\u00e1re SpongeBoba a 2 ks r\u00fak.<br \/>\nRozmer tvar cca 11x11cm<br \/>\nRuky cca 8 cm +pali\u010dka na zapichnutie <\/p>\n<p>Dekor\u00e1cia je vyroben\u00e1 z PLA plastu,plast je vyroben\u00fd z obnovite\u013en\u00fdch zdrojov, ako je kukuri\u010dn\u00fd \u0161krob, cukrov\u00e1 trstina alebo zemiakov\u00fd \u0161krob,PLA plast je netoxick\u00fd a bezpe\u010dn\u00fd na styk s potravinami.<\/p>","protected":false},"excerpt":{"rendered":"<p>Z\u00e1pich na tortu SpongeBob  tv\u00e1r a ruky z ob\u013e\u00fabenej  rozpr\u00e1vky SpongeBob.  Tento z\u00e1pich obsahuje sadu Tv\u00e1re SpongeBoba a 2 ks r\u00fak.<br \/>\nRozmer tvar cca 11x11cm<br \/>\nRuky cca 8 cm +pali\u010dka na zapichnutie <\/p>","protected":false},"featured_media":3208,"comment_status":"open","ping_status":"closed","template":"","meta":{"_et_pb_use_builder":"","_et_pb_old_content":"","_et_gb_content_width":"","iawp_total_views":8},"product_brand":[],"product_cat":[25],"product_tag":[489,490],"class_list":{"0":"post-3207","1":"product","2":"type-product","3":"status-publish","4":"has-post-thumbnail","6":"product_cat-farebne-obrazkove-zapichy","7":"product_tag-spongebob","8":"product_tag-tvar-a-ruky","10":"first","11":"instock","12":"purchasable","13":"product-type-simple"},"jetpack_sharing_enabled":true,"_links":{"self":[{"href":"https:\/\/www.3dprintrg.sk\/cz\/wp-json\/wp\/v2\/product\/3207","targetHints":{"allow":["GET"]}}],"collection":[{"href":"https:\/\/www.3dprintrg.sk\/cz\/wp-json\/wp\/v2\/product"}],"about":[{"href":"https:\/\/www.3dprintrg.sk\/cz\/wp-json\/wp\/v2\/types\/product"}],"replies":[{"embeddable":true,"href":"https:\/\/www.3dprintrg.sk\/cz\/wp-json\/wp\/v2\/comments?post=3207"}],"wp:featuredmedia":[{"embeddable":true,"href":"https:\/\/www.3dprintrg.sk\/cz\/wp-json\/wp\/v2\/media\/3208"}],"wp:attachment":[{"href":"https:\/\/www.3dprintrg.sk\/cz\/wp-json\/wp\/v2\/media?parent=3207"}],"wp:term":[{"taxonomy":"product_brand","embeddable":true,"href":"https:\/\/www.3dprintrg.sk\/cz\/wp-json\/wp\/v2\/product_brand?post=3207"},{"taxonomy":"product_cat","embeddable":true,"href":"https:\/\/www.3dprintrg.sk\/cz\/wp-json\/wp\/v2\/product_cat?post=3207"},{"taxonomy":"product_tag","embeddable":true,"href":"https:\/\/www.3dprintrg.sk\/cz\/wp-json\/wp\/v2\/product_tag?post=3207"}],"curies":[{"name":"wp","href":"https:\/\/api.w.org\/{rel}","templated":true}]}}