{"id":3213,"date":"2025-09-10T11:17:14","date_gmt":"2025-09-10T09:17:14","guid":{"rendered":"https:\/\/www.3dprintrg.sk\/?post_type=product&#038;p=3213"},"modified":"2026-01-09T10:37:45","modified_gmt":"2026-01-09T09:37:45","slug":"pohar-so-slamkou-monstera","status":"publish","type":"product","link":"https:\/\/www.3dprintrg.sk\/cz\/produkt\/pohar-so-slamkou-monstera\/","title":{"rendered":"Poh\u00e1r so slamkou-MONSTERA"},"content":{"rendered":"<p>Kr\u00e1sny poh\u00e1r v tvare plechovky s ru\u010dne lepen\u00fdm polepom.<\/p>\n<p>Tento poh\u00e1r je ide\u00e1lny pre hor\u00face letn\u00e9 dni, kedy z neho skvele chut\u00ed \u013eadov\u00e1 k\u00e1va, smoothie alebo napr\u00edklad vychladen\u00e9 pivo.<\/p>\n<p>Um\u00fdvajte ru\u010dne, cez polep jemne<\/p>\n<p>Objem: 473ml<\/p>","protected":false},"excerpt":{"rendered":"<p>Kr\u00e1sny poh\u00e1r v tvare plechovky s ru\u010dne lepen\u00fdm polepom.<br \/>\nMONSTERA<br \/>\nPoh\u00e1r dodavan\u00fd aj so slamkou<\/p>","protected":false},"featured_media":3214,"comment_status":"open","ping_status":"closed","template":"","meta":{"_et_pb_use_builder":"","_et_pb_old_content":"","_et_gb_content_width":"","iawp_total_views":6},"product_brand":[],"product_cat":[105],"product_tag":[493,108],"class_list":{"0":"post-3213","1":"product","2":"type-product","3":"status-publish","4":"has-post-thumbnail","6":"product_cat-pohare-s-polepom","7":"product_tag-monstera","8":"product_tag-pohar-so-slamkou","10":"first","11":"instock","12":"sale","13":"purchasable","14":"product-type-simple"},"jetpack_sharing_enabled":true,"_links":{"self":[{"href":"https:\/\/www.3dprintrg.sk\/cz\/wp-json\/wp\/v2\/product\/3213","targetHints":{"allow":["GET"]}}],"collection":[{"href":"https:\/\/www.3dprintrg.sk\/cz\/wp-json\/wp\/v2\/product"}],"about":[{"href":"https:\/\/www.3dprintrg.sk\/cz\/wp-json\/wp\/v2\/types\/product"}],"replies":[{"embeddable":true,"href":"https:\/\/www.3dprintrg.sk\/cz\/wp-json\/wp\/v2\/comments?post=3213"}],"wp:featuredmedia":[{"embeddable":true,"href":"https:\/\/www.3dprintrg.sk\/cz\/wp-json\/wp\/v2\/media\/3214"}],"wp:attachment":[{"href":"https:\/\/www.3dprintrg.sk\/cz\/wp-json\/wp\/v2\/media?parent=3213"}],"wp:term":[{"taxonomy":"product_brand","embeddable":true,"href":"https:\/\/www.3dprintrg.sk\/cz\/wp-json\/wp\/v2\/product_brand?post=3213"},{"taxonomy":"product_cat","embeddable":true,"href":"https:\/\/www.3dprintrg.sk\/cz\/wp-json\/wp\/v2\/product_cat?post=3213"},{"taxonomy":"product_tag","embeddable":true,"href":"https:\/\/www.3dprintrg.sk\/cz\/wp-json\/wp\/v2\/product_tag?post=3213"}],"curies":[{"name":"wp","href":"https:\/\/api.w.org\/{rel}","templated":true}]}}