{"id":3226,"date":"2025-09-14T11:44:00","date_gmt":"2025-09-14T09:44:00","guid":{"rendered":"https:\/\/www.3dprintrg.sk\/?post_type=product&#038;p=3226"},"modified":"2026-01-09T10:36:51","modified_gmt":"2026-01-09T09:36:51","slug":"zrkadlovy-zrkadlovy-zapich-dvojcislo","status":"publish","type":"product","link":"https:\/\/www.3dprintrg.sk\/cz\/produkt\/zrkadlovy-zrkadlovy-zapich-dvojcislo\/","title":{"rendered":"Zrkadlov\u00fd zrkadlov\u00fd z\u00e1pich dvoj\u010d\u00edslo"},"content":{"rendered":"<p>Zrkadlov\u00fd zapich je luxusn\u00fd dotyk pre va\u0161u tortu<\/p>\n<p>V\u00fd\u0161ka 6cm<\/p>\n<p>Pred pou\u017eit\u00edm z\u00e1pichu na tortu je potrebn\u00e9 opatrne zl\u00fapi\u0165 vrchn\u00fa ochrann\u00fa f\u00f3liu.<\/p>","protected":false},"excerpt":{"rendered":"<p>Zrkadlov\u00fd zapich je luxusn\u00fd dotyk pre va\u0161u tortu<\/p>\n<p>V\u00fd\u0161ka 6cm<\/p>","protected":false},"featured_media":3228,"comment_status":"open","ping_status":"closed","template":"","meta":{"_et_pb_use_builder":"","_et_pb_old_content":"","_et_gb_content_width":"","iawp_total_views":53},"product_brand":[],"product_cat":[495,22],"product_tag":[131,496],"class_list":{"0":"post-3226","1":"product","2":"type-product","3":"status-publish","4":"has-post-thumbnail","6":"product_cat-zrkadlove-zapichy","7":"product_cat-dvojcisla","8":"product_tag-zapich-cislo","9":"product_tag-zrkadlovy-zapich","10":"wcpa_has_options","12":"first","13":"instock","14":"purchasable","15":"product-type-simple"},"jetpack_sharing_enabled":true,"_links":{"self":[{"href":"https:\/\/www.3dprintrg.sk\/cz\/wp-json\/wp\/v2\/product\/3226","targetHints":{"allow":["GET"]}}],"collection":[{"href":"https:\/\/www.3dprintrg.sk\/cz\/wp-json\/wp\/v2\/product"}],"about":[{"href":"https:\/\/www.3dprintrg.sk\/cz\/wp-json\/wp\/v2\/types\/product"}],"replies":[{"embeddable":true,"href":"https:\/\/www.3dprintrg.sk\/cz\/wp-json\/wp\/v2\/comments?post=3226"}],"wp:featuredmedia":[{"embeddable":true,"href":"https:\/\/www.3dprintrg.sk\/cz\/wp-json\/wp\/v2\/media\/3228"}],"wp:attachment":[{"href":"https:\/\/www.3dprintrg.sk\/cz\/wp-json\/wp\/v2\/media?parent=3226"}],"wp:term":[{"taxonomy":"product_brand","embeddable":true,"href":"https:\/\/www.3dprintrg.sk\/cz\/wp-json\/wp\/v2\/product_brand?post=3226"},{"taxonomy":"product_cat","embeddable":true,"href":"https:\/\/www.3dprintrg.sk\/cz\/wp-json\/wp\/v2\/product_cat?post=3226"},{"taxonomy":"product_tag","embeddable":true,"href":"https:\/\/www.3dprintrg.sk\/cz\/wp-json\/wp\/v2\/product_tag?post=3226"}],"curies":[{"name":"wp","href":"https:\/\/api.w.org\/{rel}","templated":true}]}}