{"id":3243,"date":"2025-09-15T20:14:40","date_gmt":"2025-09-15T18:14:40","guid":{"rendered":"https:\/\/www.3dprintrg.sk\/?post_type=product&#038;p=3243"},"modified":"2026-01-09T10:36:20","modified_gmt":"2026-01-09T09:36:20","slug":"macik","status":"publish","type":"product","link":"https:\/\/www.3dprintrg.sk\/cz\/produkt\/macik\/","title":{"rendered":"Mac\u00edk"},"content":{"rendered":"<p>3D dekor\u00e1cia mac\u00edka na tortu<\/p>\n<p>Nejedl\u00e1 dekor\u00e1cia <\/p>\n<p>V\u00fd\u0161ka 9,5 cm <\/p>\n<p>Dekor\u00e1cia je vyroben\u00e1 z PLA plastu,plast je vyroben\u00fd z obnovite\u013en\u00fdch zdrojov, ako je kukuri\u010dn\u00fd \u0161krob, cukrov\u00e1 trstina alebo zemiakov\u00fd \u0161krob,PLA plast je netoxick\u00fd a bezpe\u010dn\u00fd na styk s potravinami.<\/p>","protected":false},"excerpt":{"rendered":"<p>3D dekor\u00e1cia mac\u00edka<br \/>\nV\u00fd\u0161ka 9,5 cm <\/p>","protected":false},"featured_media":3244,"comment_status":"open","ping_status":"closed","template":"","meta":{"_et_pb_use_builder":"","_et_pb_old_content":"","_et_gb_content_width":"","iawp_total_views":29},"product_brand":[],"product_cat":[77],"product_tag":[504,503,502,501],"class_list":{"0":"post-3243","1":"product","2":"type-product","3":"status-publish","4":"has-post-thumbnail","6":"product_cat-rozne","7":"product_tag-dekoracia-macik","8":"product_tag-macik","9":"product_tag-macko","10":"product_tag-medved","12":"first","13":"instock","14":"purchasable","15":"product-type-simple"},"jetpack_sharing_enabled":true,"_links":{"self":[{"href":"https:\/\/www.3dprintrg.sk\/cz\/wp-json\/wp\/v2\/product\/3243","targetHints":{"allow":["GET"]}}],"collection":[{"href":"https:\/\/www.3dprintrg.sk\/cz\/wp-json\/wp\/v2\/product"}],"about":[{"href":"https:\/\/www.3dprintrg.sk\/cz\/wp-json\/wp\/v2\/types\/product"}],"replies":[{"embeddable":true,"href":"https:\/\/www.3dprintrg.sk\/cz\/wp-json\/wp\/v2\/comments?post=3243"}],"wp:featuredmedia":[{"embeddable":true,"href":"https:\/\/www.3dprintrg.sk\/cz\/wp-json\/wp\/v2\/media\/3244"}],"wp:attachment":[{"href":"https:\/\/www.3dprintrg.sk\/cz\/wp-json\/wp\/v2\/media?parent=3243"}],"wp:term":[{"taxonomy":"product_brand","embeddable":true,"href":"https:\/\/www.3dprintrg.sk\/cz\/wp-json\/wp\/v2\/product_brand?post=3243"},{"taxonomy":"product_cat","embeddable":true,"href":"https:\/\/www.3dprintrg.sk\/cz\/wp-json\/wp\/v2\/product_cat?post=3243"},{"taxonomy":"product_tag","embeddable":true,"href":"https:\/\/www.3dprintrg.sk\/cz\/wp-json\/wp\/v2\/product_tag?post=3243"}],"curies":[{"name":"wp","href":"https:\/\/api.w.org\/{rel}","templated":true}]}}