{"id":3246,"date":"2025-09-15T20:23:53","date_gmt":"2025-09-15T18:23:53","guid":{"rendered":"https:\/\/www.3dprintrg.sk\/?post_type=product&#038;p=3246"},"modified":"2026-01-09T10:36:14","modified_gmt":"2026-01-09T09:36:14","slug":"svadobny-zlaty-zrkadlovy-zapich-navzdy-spolu","status":"publish","type":"product","link":"https:\/\/www.3dprintrg.sk\/cz\/produkt\/svadobny-zlaty-zrkadlovy-zapich-navzdy-spolu\/","title":{"rendered":"Svadobn\u00fd zlat\u00fd zrkadlov\u00fd z\u00e1pich Nav\u017edy spolu"},"content":{"rendered":"<p>Svadobn\u00fd zlat\u00fd zrkadlov\u00fd z\u00e1pich Nav\u017edy spolu s le\u017eiacou 8.<br \/>\nZ\u00e1pich ma este ochrann\u00fa f\u00f3liu preto na fotke p\u00f4sob\u00ed matn\u00fdm vzh\u013eadom.<br \/>\nPred pou\u017eit\u00edm na toru treba opatrne odst\u00e1ni\u0165 vrchn\u00fa ochrann\u00fa f\u00f3liu.<\/p>\n<p>Rozmer 14 cm <\/p>","protected":false},"excerpt":{"rendered":"<p>Svadobn\u00fd zlat\u00fd zrkadlov\u00fd z\u00e1pich Nav\u017edy spolu s le\u017eiacou 8.<br \/>\nZ\u00e1pich ma este ochrann\u00fa f\u00f3liu preto na fotke p\u00f4sob\u00ed matn\u00fdm vzh\u013eadom.<br \/>\nPred pou\u017eit\u00edm na toru treba opatrne odst\u00e1ni\u0165 vrchn\u00fa ochrann\u00fa f\u00f3liu.<\/p>","protected":false},"featured_media":3247,"comment_status":"open","ping_status":"closed","template":"","meta":{"_et_pb_use_builder":"","_et_pb_old_content":"","_et_gb_content_width":"","iawp_total_views":3},"product_brand":[],"product_cat":[495,27],"product_tag":[505,82],"class_list":{"0":"post-3246","1":"product","2":"type-product","3":"status-publish","4":"has-post-thumbnail","6":"product_cat-zrkadlove-zapichy","7":"product_cat-svadobne-zapichy","8":"product_tag-navzdy-spolu","9":"product_tag-svadobny-zapich","11":"first","12":"instock","13":"purchasable","14":"product-type-simple"},"jetpack_sharing_enabled":true,"_links":{"self":[{"href":"https:\/\/www.3dprintrg.sk\/cz\/wp-json\/wp\/v2\/product\/3246","targetHints":{"allow":["GET"]}}],"collection":[{"href":"https:\/\/www.3dprintrg.sk\/cz\/wp-json\/wp\/v2\/product"}],"about":[{"href":"https:\/\/www.3dprintrg.sk\/cz\/wp-json\/wp\/v2\/types\/product"}],"replies":[{"embeddable":true,"href":"https:\/\/www.3dprintrg.sk\/cz\/wp-json\/wp\/v2\/comments?post=3246"}],"wp:featuredmedia":[{"embeddable":true,"href":"https:\/\/www.3dprintrg.sk\/cz\/wp-json\/wp\/v2\/media\/3247"}],"wp:attachment":[{"href":"https:\/\/www.3dprintrg.sk\/cz\/wp-json\/wp\/v2\/media?parent=3246"}],"wp:term":[{"taxonomy":"product_brand","embeddable":true,"href":"https:\/\/www.3dprintrg.sk\/cz\/wp-json\/wp\/v2\/product_brand?post=3246"},{"taxonomy":"product_cat","embeddable":true,"href":"https:\/\/www.3dprintrg.sk\/cz\/wp-json\/wp\/v2\/product_cat?post=3246"},{"taxonomy":"product_tag","embeddable":true,"href":"https:\/\/www.3dprintrg.sk\/cz\/wp-json\/wp\/v2\/product_tag?post=3246"}],"curies":[{"name":"wp","href":"https:\/\/api.w.org\/{rel}","templated":true}]}}