{"id":3248,"date":"2025-09-15T21:07:19","date_gmt":"2025-09-15T19:07:19","guid":{"rendered":"https:\/\/www.3dprintrg.sk\/?post_type=product&#038;p=3248"},"modified":"2026-01-09T10:36:13","modified_gmt":"2026-01-09T09:36:13","slug":"svadobny-zlaty-zrkadlovy-zapich-prstene","status":"publish","type":"product","link":"https:\/\/www.3dprintrg.sk\/cz\/produkt\/svadobny-zlaty-zrkadlovy-zapich-prstene\/","title":{"rendered":"Svadobn\u00fd zlat\u00fd zrkadlov\u00fd z\u00e1pich prstene"},"content":{"rendered":"<p>Svadobn\u00fd zlat\u00fd zrkadlov\u00fd z\u00e1pich prstene<br \/>\nZ\u00e1pich ma este ochrann\u00fa f\u00f3liu preto na fotke p\u00f4sob\u00ed matn\u00fdm vzh\u013eadom.<br \/>\nPred pou\u017eit\u00edm na toru treba opatrne odst\u00e1ni\u0165 vrchn\u00fa ochrann\u00fa f\u00f3liu.<br \/>\nRozmer 12 cm <\/p>","protected":false},"excerpt":{"rendered":"<p>Z\u00e1pich ma este ochrann\u00fa f\u00f3liu preto na fotke p\u00f4sob\u00ed matn\u00fdm vzh\u013eadom.<br \/>\nPred pou\u017eit\u00edm na toru treba opatrne odst\u00e1ni\u0165 vrchn\u00fa ochrann\u00fa f\u00f3liu.<br \/>\nRozmer 12 cm <\/p>","protected":false},"featured_media":3249,"comment_status":"open","ping_status":"closed","template":"","meta":{"_et_pb_use_builder":"","_et_pb_old_content":"","_et_gb_content_width":"","iawp_total_views":7},"product_brand":[],"product_cat":[495,27],"product_tag":[506,508,507,82],"class_list":{"0":"post-3248","1":"product","2":"type-product","3":"status-publish","4":"has-post-thumbnail","6":"product_cat-zrkadlove-zapichy","7":"product_cat-svadobne-zapichy","8":"product_tag-prstene","9":"product_tag-svadba","10":"product_tag-svadobne-prstene","11":"product_tag-svadobny-zapich","13":"first","14":"instock","15":"purchasable","16":"product-type-simple"},"jetpack_sharing_enabled":true,"_links":{"self":[{"href":"https:\/\/www.3dprintrg.sk\/cz\/wp-json\/wp\/v2\/product\/3248","targetHints":{"allow":["GET"]}}],"collection":[{"href":"https:\/\/www.3dprintrg.sk\/cz\/wp-json\/wp\/v2\/product"}],"about":[{"href":"https:\/\/www.3dprintrg.sk\/cz\/wp-json\/wp\/v2\/types\/product"}],"replies":[{"embeddable":true,"href":"https:\/\/www.3dprintrg.sk\/cz\/wp-json\/wp\/v2\/comments?post=3248"}],"wp:featuredmedia":[{"embeddable":true,"href":"https:\/\/www.3dprintrg.sk\/cz\/wp-json\/wp\/v2\/media\/3249"}],"wp:attachment":[{"href":"https:\/\/www.3dprintrg.sk\/cz\/wp-json\/wp\/v2\/media?parent=3248"}],"wp:term":[{"taxonomy":"product_brand","embeddable":true,"href":"https:\/\/www.3dprintrg.sk\/cz\/wp-json\/wp\/v2\/product_brand?post=3248"},{"taxonomy":"product_cat","embeddable":true,"href":"https:\/\/www.3dprintrg.sk\/cz\/wp-json\/wp\/v2\/product_cat?post=3248"},{"taxonomy":"product_tag","embeddable":true,"href":"https:\/\/www.3dprintrg.sk\/cz\/wp-json\/wp\/v2\/product_tag?post=3248"}],"curies":[{"name":"wp","href":"https:\/\/api.w.org\/{rel}","templated":true}]}}