{"id":3255,"date":"2025-09-16T18:07:19","date_gmt":"2025-09-16T16:07:19","guid":{"rendered":"https:\/\/www.3dprintrg.sk\/?post_type=product&#038;p=3255"},"modified":"2026-01-09T10:36:12","modified_gmt":"2026-01-09T09:36:12","slug":"svadobny-zrkadlovy-zapich-s-inicialmi","status":"publish","type":"product","link":"https:\/\/www.3dprintrg.sk\/cz\/produkt\/svadobny-zrkadlovy-zapich-s-inicialmi\/","title":{"rendered":"Svadobn\u00fd zrkadlov\u00fd z\u00e1pich s inici\u00e1lmi"},"content":{"rendered":"<p>Svadobn\u00fd zrkadlov\u00fd z\u00e1pich s inici\u00e1lmi  a srdie\u010dkom<br \/>\nRozmer cca 10x15cm <\/p>\n<p>Do pozn\u00e1mky uvedte inic\u00e1ly.<br \/>\nZ\u00e1pich ma este vrchn\u00fa ochrannu f\u00f3liu preto na fotke p\u00f4sob\u00ed matn\u00fdch vzh\u013eadom.<br \/>\nPred pou\u017eit\u00edm na tortu treba opatrne odstr\u00e1ni\u0165 vrchn\u00fa f\u00f3liu aby ste z\u00edskali zrkadlov\u00fd efekt. <\/p>","protected":false},"excerpt":{"rendered":"<p>Svadobn\u00fd zrkadlov\u00fd z\u00e1pich s inici\u00e1lmi  a srdie\u010dkom<br \/>\nRozmer cca 10x15cm<br \/>\nDo pozn\u00e1mky uvedte inici\u00e1ly. <\/p>","protected":false},"featured_media":3256,"comment_status":"open","ping_status":"closed","template":"","meta":{"_et_pb_use_builder":"","_et_pb_old_content":"","_et_gb_content_width":"","iawp_total_views":15},"product_brand":[],"product_cat":[495,27],"product_tag":[511,510,82,512,496],"class_list":{"0":"post-3255","1":"product","2":"type-product","3":"status-publish","4":"has-post-thumbnail","6":"product_cat-zrkadlove-zapichy","7":"product_cat-svadobne-zapichy","8":"product_tag-inicialy","9":"product_tag-svadobny","10":"product_tag-svadobny-zapich","11":"product_tag-zrkadlovy","12":"product_tag-zrkadlovy-zapich","13":"wcpa_has_options","15":"first","16":"instock","17":"purchasable","18":"product-type-simple"},"jetpack_sharing_enabled":true,"_links":{"self":[{"href":"https:\/\/www.3dprintrg.sk\/cz\/wp-json\/wp\/v2\/product\/3255","targetHints":{"allow":["GET"]}}],"collection":[{"href":"https:\/\/www.3dprintrg.sk\/cz\/wp-json\/wp\/v2\/product"}],"about":[{"href":"https:\/\/www.3dprintrg.sk\/cz\/wp-json\/wp\/v2\/types\/product"}],"replies":[{"embeddable":true,"href":"https:\/\/www.3dprintrg.sk\/cz\/wp-json\/wp\/v2\/comments?post=3255"}],"wp:featuredmedia":[{"embeddable":true,"href":"https:\/\/www.3dprintrg.sk\/cz\/wp-json\/wp\/v2\/media\/3256"}],"wp:attachment":[{"href":"https:\/\/www.3dprintrg.sk\/cz\/wp-json\/wp\/v2\/media?parent=3255"}],"wp:term":[{"taxonomy":"product_brand","embeddable":true,"href":"https:\/\/www.3dprintrg.sk\/cz\/wp-json\/wp\/v2\/product_brand?post=3255"},{"taxonomy":"product_cat","embeddable":true,"href":"https:\/\/www.3dprintrg.sk\/cz\/wp-json\/wp\/v2\/product_cat?post=3255"},{"taxonomy":"product_tag","embeddable":true,"href":"https:\/\/www.3dprintrg.sk\/cz\/wp-json\/wp\/v2\/product_tag?post=3255"}],"curies":[{"name":"wp","href":"https:\/\/api.w.org\/{rel}","templated":true}]}}