{"id":3273,"date":"2025-09-26T10:39:09","date_gmt":"2025-09-26T08:39:09","guid":{"rendered":"https:\/\/www.3dprintrg.sk\/?post_type=product&#038;p=3273"},"modified":"2026-01-09T10:31:00","modified_gmt":"2026-01-09T09:31:00","slug":"zlaty-zrkadlovy-zapich-na-krstiny","status":"publish","type":"product","link":"https:\/\/www.3dprintrg.sk\/cz\/produkt\/zlaty-zrkadlovy-zapich-na-krstiny\/","title":{"rendered":"Zlat\u00fd zrkadlov\u00fd zapich na krstiny"},"content":{"rendered":"<p>Zlat\u00fd zrkadlov\u00fd z\u00e1pich na krstiny s menom a d\u00e1tumami die\u0165atka.<br \/>\nRozmer 14 cm <\/p>\n<p>Z\u00e1pichy sa posielaju s ochrannou f\u00f3liu, pred pou\u017eit\u00edm na tortu treba f\u00f3liu opatrne odstr\u00e1ni\u0165 aby ste z\u00edskali zrkadlov\u00fd efekt.<\/p>","protected":false},"excerpt":{"rendered":"<p>Zlat\u00fd zrkadlov\u00fd z\u00e1pich na krstiny s menom a d\u00e1tumami die\u0165atka.<br \/>\nRozmer 14 cm <\/p>","protected":false},"featured_media":3274,"comment_status":"open","ping_status":"closed","template":"","meta":{"_et_pb_use_builder":"","_et_pb_old_content":"","_et_gb_content_width":"","iawp_total_views":29},"product_brand":[],"product_cat":[495,48],"product_tag":[73,517,81,72],"class_list":{"0":"post-3273","1":"product","2":"type-product","3":"status-publish","4":"has-post-thumbnail","6":"product_cat-zrkadlove-zapichy","7":"product_cat-krstiny","8":"product_tag-krstinovy-zapich","9":"product_tag-krstiny","10":"product_tag-zapich","11":"product_tag-zapich-na-krstiny","12":"wcpa_has_options","14":"first","15":"instock","16":"purchasable","17":"product-type-simple"},"jetpack_sharing_enabled":true,"_links":{"self":[{"href":"https:\/\/www.3dprintrg.sk\/cz\/wp-json\/wp\/v2\/product\/3273","targetHints":{"allow":["GET"]}}],"collection":[{"href":"https:\/\/www.3dprintrg.sk\/cz\/wp-json\/wp\/v2\/product"}],"about":[{"href":"https:\/\/www.3dprintrg.sk\/cz\/wp-json\/wp\/v2\/types\/product"}],"replies":[{"embeddable":true,"href":"https:\/\/www.3dprintrg.sk\/cz\/wp-json\/wp\/v2\/comments?post=3273"}],"wp:featuredmedia":[{"embeddable":true,"href":"https:\/\/www.3dprintrg.sk\/cz\/wp-json\/wp\/v2\/media\/3274"}],"wp:attachment":[{"href":"https:\/\/www.3dprintrg.sk\/cz\/wp-json\/wp\/v2\/media?parent=3273"}],"wp:term":[{"taxonomy":"product_brand","embeddable":true,"href":"https:\/\/www.3dprintrg.sk\/cz\/wp-json\/wp\/v2\/product_brand?post=3273"},{"taxonomy":"product_cat","embeddable":true,"href":"https:\/\/www.3dprintrg.sk\/cz\/wp-json\/wp\/v2\/product_cat?post=3273"},{"taxonomy":"product_tag","embeddable":true,"href":"https:\/\/www.3dprintrg.sk\/cz\/wp-json\/wp\/v2\/product_tag?post=3273"}],"curies":[{"name":"wp","href":"https:\/\/api.w.org\/{rel}","templated":true}]}}