{"id":3275,"date":"2025-09-26T10:42:16","date_gmt":"2025-09-26T08:42:16","guid":{"rendered":"https:\/\/www.3dprintrg.sk\/?post_type=product&#038;p=3275"},"modified":"2026-01-09T10:33:36","modified_gmt":"2026-01-09T09:33:36","slug":"drevena-gravirovana-dekoracia-do-domu","status":"publish","type":"product","link":"https:\/\/www.3dprintrg.sk\/cz\/produkt\/drevena-gravirovana-dekoracia-do-domu\/","title":{"rendered":"Dreven\u00e1 grav\u00edrovan\u00e1 dekor\u00e1cia do domu"},"content":{"rendered":"<p>Dreven\u00e1 pr\u00edrodna grav\u00edrovan\u00e1 dekor\u00e1cia do domu s textom a ma\u013eovan\u00fdmi doplnkami ako su listy a dom\u010dek <\/p>\n<p>Rozmer 29cm <\/p>","protected":false},"excerpt":{"rendered":"<p>Dreven\u00e1 pr\u00edrodna grav\u00edrovan\u00e1 dekor\u00e1cia do domu s textom a ma\u013eovan\u00fdmi doplnkami ako su listy a dom\u010dek <\/p>\n<p>Rozmer 29cm <\/p>","protected":false},"featured_media":3276,"comment_status":"open","ping_status":"closed","template":"","meta":{"_et_pb_use_builder":"","_et_pb_old_content":"","_et_gb_content_width":"","iawp_total_views":12},"product_brand":[],"product_cat":[281,31],"product_tag":[518,519],"class_list":{"0":"post-3275","1":"product","2":"type-product","3":"status-publish","4":"has-post-thumbnail","6":"product_cat-vyrobky-z-dreva","7":"product_cat-dekoracie","8":"product_tag-dekoracia-do-domu","9":"product_tag-dom","11":"first","12":"instock","13":"purchasable","14":"product-type-simple"},"jetpack_sharing_enabled":true,"_links":{"self":[{"href":"https:\/\/www.3dprintrg.sk\/cz\/wp-json\/wp\/v2\/product\/3275","targetHints":{"allow":["GET"]}}],"collection":[{"href":"https:\/\/www.3dprintrg.sk\/cz\/wp-json\/wp\/v2\/product"}],"about":[{"href":"https:\/\/www.3dprintrg.sk\/cz\/wp-json\/wp\/v2\/types\/product"}],"replies":[{"embeddable":true,"href":"https:\/\/www.3dprintrg.sk\/cz\/wp-json\/wp\/v2\/comments?post=3275"}],"wp:featuredmedia":[{"embeddable":true,"href":"https:\/\/www.3dprintrg.sk\/cz\/wp-json\/wp\/v2\/media\/3276"}],"wp:attachment":[{"href":"https:\/\/www.3dprintrg.sk\/cz\/wp-json\/wp\/v2\/media?parent=3275"}],"wp:term":[{"taxonomy":"product_brand","embeddable":true,"href":"https:\/\/www.3dprintrg.sk\/cz\/wp-json\/wp\/v2\/product_brand?post=3275"},{"taxonomy":"product_cat","embeddable":true,"href":"https:\/\/www.3dprintrg.sk\/cz\/wp-json\/wp\/v2\/product_cat?post=3275"},{"taxonomy":"product_tag","embeddable":true,"href":"https:\/\/www.3dprintrg.sk\/cz\/wp-json\/wp\/v2\/product_tag?post=3275"}],"curies":[{"name":"wp","href":"https:\/\/api.w.org\/{rel}","templated":true}]}}