{"id":3291,"date":"2025-09-30T14:33:34","date_gmt":"2025-09-30T12:33:34","guid":{"rendered":"https:\/\/www.3dprintrg.sk\/?post_type=product&#038;p=3291"},"modified":"2025-09-30T14:33:37","modified_gmt":"2025-09-30T12:33:37","slug":"zrkadlovy-zapich-tachometer-s-cislom-50","status":"publish","type":"product","link":"https:\/\/www.3dprintrg.sk\/cz\/produkt\/zrkadlovy-zapich-tachometer-s-cislom-50\/","title":{"rendered":"Zrkadlov\u00fd z\u00e1pich tachometer s \u010d\u00edslom 50"},"content":{"rendered":"<p>Zrkadlov\u00fd z\u00e1pich tachometer s textom<br \/>\nNebrzd\u00edm idem \u010falej. <\/p>\n<p>Zapich ma na sebe e\u0161te ochrann\u00fa f\u00f3liu preto na fotke p\u00f4sob\u00ed matne.<br \/>\nF\u00f3liu si z\u00e1kaznik s\u00e1m dava dole, a t\u00fdm z\u00edska krasn\u00fd zrkadlov\u00fd efekt.<\/p>\n<p>Rozmer tachometra cca 11 cm <\/p>\n<p>&#8211; do pozn\u00e1mky uvedte ktor\u00e9 \u010d\u00edslo ma by\u0165 odli\u0161n\u00e9 od ostatn\u00fdch <\/p>","protected":false},"excerpt":{"rendered":"<p>Zrkadlov\u00fd z\u00e1pich tachometer s textom<br \/>\nNebrzd\u00edm idem \u010falej. <\/p>\n<p>Zapich ma na sebe e\u0161te ochrann\u00fa f\u00f3liu preto na fotke p\u00f4sob\u00ed matne.<br \/>\nF\u00f3liu si z\u00e1kaznik s\u00e1m dava dole, a t\u00fdm z\u00edska krasn\u00fd zrkadlov\u00fd efekt.<\/p>\n<p>Rozmer tachometra cca 11 cm <\/p>\n<p>&#8211; do pozn\u00e1mky uvedte ktor\u00e9 \u010d\u00edslo ma by\u0165 odli\u0161n\u00e9 od ostatn\u00fdch <\/p>","protected":false},"featured_media":3292,"comment_status":"open","ping_status":"closed","template":"","meta":{"_et_pb_use_builder":"","_et_pb_old_content":"","_et_gb_content_width":"","iawp_total_views":6},"product_brand":[],"product_cat":[495],"product_tag":[523,70,522,496],"class_list":{"0":"post-3291","1":"product","2":"type-product","3":"status-publish","4":"has-post-thumbnail","6":"product_cat-zrkadlove-zapichy","7":"product_tag-523","8":"product_tag-cislo","9":"product_tag-tachometer","10":"product_tag-zrkadlovy-zapich","11":"wcpa_has_options","13":"first","14":"instock","15":"purchasable","16":"product-type-simple"},"jetpack_sharing_enabled":true,"_links":{"self":[{"href":"https:\/\/www.3dprintrg.sk\/cz\/wp-json\/wp\/v2\/product\/3291","targetHints":{"allow":["GET"]}}],"collection":[{"href":"https:\/\/www.3dprintrg.sk\/cz\/wp-json\/wp\/v2\/product"}],"about":[{"href":"https:\/\/www.3dprintrg.sk\/cz\/wp-json\/wp\/v2\/types\/product"}],"replies":[{"embeddable":true,"href":"https:\/\/www.3dprintrg.sk\/cz\/wp-json\/wp\/v2\/comments?post=3291"}],"wp:featuredmedia":[{"embeddable":true,"href":"https:\/\/www.3dprintrg.sk\/cz\/wp-json\/wp\/v2\/media\/3292"}],"wp:attachment":[{"href":"https:\/\/www.3dprintrg.sk\/cz\/wp-json\/wp\/v2\/media?parent=3291"}],"wp:term":[{"taxonomy":"product_brand","embeddable":true,"href":"https:\/\/www.3dprintrg.sk\/cz\/wp-json\/wp\/v2\/product_brand?post=3291"},{"taxonomy":"product_cat","embeddable":true,"href":"https:\/\/www.3dprintrg.sk\/cz\/wp-json\/wp\/v2\/product_cat?post=3291"},{"taxonomy":"product_tag","embeddable":true,"href":"https:\/\/www.3dprintrg.sk\/cz\/wp-json\/wp\/v2\/product_tag?post=3291"}],"curies":[{"name":"wp","href":"https:\/\/api.w.org\/{rel}","templated":true}]}}