{"id":3297,"date":"2025-10-02T10:08:54","date_gmt":"2025-10-02T08:08:54","guid":{"rendered":"https:\/\/www.3dprintrg.sk\/?post_type=product&#038;p=3297"},"modified":"2026-03-06T15:19:25","modified_gmt":"2026-03-06T14:19:25","slug":"hrncek-makronka-ruzovy-s-vlastnym-textom","status":"publish","type":"product","link":"https:\/\/www.3dprintrg.sk\/cz\/produkt\/hrncek-makronka-ruzovy-s-vlastnym-textom\/","title":{"rendered":"Hrn\u010dek makr\u00f3nka RU\u017dOV\u00dd s vlastn\u00fdm textom"},"content":{"rendered":"<p>Vytvorte si vlastn\u00fd hrn\u010dek s origin\u00e1lnym n\u00e1pisom a spr\u00edjemnite si ka\u017ed\u00fd dou\u0161ok k\u00e1vy alebo \u010daju nie\u010d\u00edm jedine\u010dn\u00fdm.<\/p>\n<p>M\u00f4\u017eete si na hrn\u010dek necha\u0165 nap\u00edsa\u0165 meno, vtipn\u00fd odkaz, mil\u00e9 prianie alebo firemn\u00e9 motto \u2013 fant\u00e1zii sa medze neklad\u00fa.<br \/>\n-\u0160t\u00fdlova bambusoa pod\u0161\u00e1lka je u\u017e zahrnuta v cene, \u010do dod\u00e1va cel\u00e9mu produktu e\u0161te v\u00e4\u010d\u0161\u00ed \u0161mrnc a prakti\u010dnos\u0165.<br \/>\n-Tento hrn\u010dek je ide\u00e1lnym dar\u010dekom pre priate\u013eov, kolegov alebo aj pre v\u00e1s samotn\u00fdch, ak chcete za\u010da\u0165 de\u0148 v dobrej n\u00e1lade.<\/p>\n<p>Do pozn\u00e1mky nap\u00ed\u0161te text ktor\u00fd si prajete na hrn\u010dek<\/p>\n<p>Priemer: 84 mm<br \/>\nV\u00fd\u0161ka 54 mm<br \/>\nObjem: 200 ml<\/p>\n<p>Vynilov\u00e1 n\u00e1lepka<br \/>\nUm\u00fdva\u0165 ru\u010dne!<\/p>","protected":false},"excerpt":{"rendered":"<p>Vytvorte si vlastn\u00fd hrn\u010dek s origin\u00e1lnym n\u00e1pisom a spr\u00edjemnite si ka\u017ed\u00fd dou\u0161ok k\u00e1vy alebo \u010daju nie\u010d\u00edm jedine\u010dn\u00fdm.<\/p>\n<p>M\u00f4\u017eete si na hrn\u010dek necha\u0165 nap\u00edsa\u0165 meno, vtipn\u00fd odkaz, mil\u00e9 prianie alebo firemn\u00e9 motto \u2013 fant\u00e1zii sa medze neklad\u00fa.<br \/>\n-\u0160t\u00fdlova bambusoa pod\u0161\u00e1lka je u\u017e zahrnuta v cene, \u010do dod\u00e1va cel\u00e9mu produktu e\u0161te v\u00e4\u010d\u0161\u00ed \u0161mrnc a prakti\u010dnos\u0165.<br \/>\n-Tento hrn\u010dek je ide\u00e1lnym dar\u010dekom pre priate\u013eov, kolegov alebo aj pre v\u00e1s samotn\u00fdch, ak chcete za\u010da\u0165 de\u0148 v dobrej n\u00e1lade.<\/p>\n<p>Do pozn\u00e1mky nap\u00ed\u0161te text ktor\u00fd si prajete na hrn\u010dek<\/p>","protected":false},"featured_media":3298,"comment_status":"open","ping_status":"closed","template":"","meta":{"_et_pb_use_builder":"","_et_pb_old_content":"","_et_gb_content_width":"","iawp_total_views":23},"product_brand":[],"product_cat":[524],"product_tag":[106,526,525],"class_list":{"0":"post-3297","1":"product","2":"type-product","3":"status-publish","4":"has-post-thumbnail","6":"product_cat-hrncek-makronka","7":"product_tag-hrncek","8":"product_tag-hrncek-makronka","9":"product_tag-makronka","10":"wcpa_has_options","12":"first","13":"instock","14":"sale","15":"purchasable","16":"product-type-simple"},"jetpack_sharing_enabled":true,"_links":{"self":[{"href":"https:\/\/www.3dprintrg.sk\/cz\/wp-json\/wp\/v2\/product\/3297","targetHints":{"allow":["GET"]}}],"collection":[{"href":"https:\/\/www.3dprintrg.sk\/cz\/wp-json\/wp\/v2\/product"}],"about":[{"href":"https:\/\/www.3dprintrg.sk\/cz\/wp-json\/wp\/v2\/types\/product"}],"replies":[{"embeddable":true,"href":"https:\/\/www.3dprintrg.sk\/cz\/wp-json\/wp\/v2\/comments?post=3297"}],"wp:featuredmedia":[{"embeddable":true,"href":"https:\/\/www.3dprintrg.sk\/cz\/wp-json\/wp\/v2\/media\/3298"}],"wp:attachment":[{"href":"https:\/\/www.3dprintrg.sk\/cz\/wp-json\/wp\/v2\/media?parent=3297"}],"wp:term":[{"taxonomy":"product_brand","embeddable":true,"href":"https:\/\/www.3dprintrg.sk\/cz\/wp-json\/wp\/v2\/product_brand?post=3297"},{"taxonomy":"product_cat","embeddable":true,"href":"https:\/\/www.3dprintrg.sk\/cz\/wp-json\/wp\/v2\/product_cat?post=3297"},{"taxonomy":"product_tag","embeddable":true,"href":"https:\/\/www.3dprintrg.sk\/cz\/wp-json\/wp\/v2\/product_tag?post=3297"}],"curies":[{"name":"wp","href":"https:\/\/api.w.org\/{rel}","templated":true}]}}