{"id":3311,"date":"2025-10-03T13:17:48","date_gmt":"2025-10-03T11:17:48","guid":{"rendered":"https:\/\/www.3dprintrg.sk\/?post_type=product&#038;p=3311"},"modified":"2025-10-03T13:17:50","modified_gmt":"2025-10-03T11:17:50","slug":"personalizovana-cervena-vianocna-gula","status":"publish","type":"product","link":"https:\/\/www.3dprintrg.sk\/cz\/produkt\/personalizovana-cervena-vianocna-gula\/","title":{"rendered":"Personalizovan\u00e1 \u010derven\u00e1 viano\u010dn\u00e1 gu\u013ea"},"content":{"rendered":"<p>Personalizovan\u00e1 viano\u010dn\u00e1 gu\u013ea na strom\u010dek.<br \/>\nPlastov\u00e1 ozdoba s biel\u00fdmi pierkami \u010derven\u00fdm menom  a \u010dervenou ma\u0161lickou s drevenou vlo\u010dkou<br \/>\nPriemer 8 cm<\/p>\n<p>Cena je za 1 ks<\/p>","protected":false},"excerpt":{"rendered":"<p>Personalizovan\u00e1 viano\u010dn\u00e1 gu\u013ea na strom\u010dek.<br \/>\nPlastov\u00e1 ozdoba s biel\u00fdmi pierkami \u010derven\u00fdm menom  a \u010dervenou ma\u0161lickou s drevenou vlo\u010dkou<br \/>\nPriemer 8 cm<\/p>","protected":false},"featured_media":3312,"comment_status":"open","ping_status":"closed","template":"","meta":{"_et_pb_use_builder":"","_et_pb_old_content":"","_et_gb_content_width":"","iawp_total_views":17},"product_brand":[],"product_cat":[32],"product_tag":[426,531,532,51],"class_list":{"0":"post-3311","1":"product","2":"type-product","3":"status-publish","4":"has-post-thumbnail","6":"product_cat-vianocne-dekoracie","7":"product_tag-gula","8":"product_tag-ozdoba","9":"product_tag-stromcek","10":"product_tag-vianocna-gula","11":"wcpa_has_options","13":"first","14":"instock","15":"purchasable","16":"product-type-simple"},"jetpack_sharing_enabled":true,"_links":{"self":[{"href":"https:\/\/www.3dprintrg.sk\/cz\/wp-json\/wp\/v2\/product\/3311","targetHints":{"allow":["GET"]}}],"collection":[{"href":"https:\/\/www.3dprintrg.sk\/cz\/wp-json\/wp\/v2\/product"}],"about":[{"href":"https:\/\/www.3dprintrg.sk\/cz\/wp-json\/wp\/v2\/types\/product"}],"replies":[{"embeddable":true,"href":"https:\/\/www.3dprintrg.sk\/cz\/wp-json\/wp\/v2\/comments?post=3311"}],"wp:featuredmedia":[{"embeddable":true,"href":"https:\/\/www.3dprintrg.sk\/cz\/wp-json\/wp\/v2\/media\/3312"}],"wp:attachment":[{"href":"https:\/\/www.3dprintrg.sk\/cz\/wp-json\/wp\/v2\/media?parent=3311"}],"wp:term":[{"taxonomy":"product_brand","embeddable":true,"href":"https:\/\/www.3dprintrg.sk\/cz\/wp-json\/wp\/v2\/product_brand?post=3311"},{"taxonomy":"product_cat","embeddable":true,"href":"https:\/\/www.3dprintrg.sk\/cz\/wp-json\/wp\/v2\/product_cat?post=3311"},{"taxonomy":"product_tag","embeddable":true,"href":"https:\/\/www.3dprintrg.sk\/cz\/wp-json\/wp\/v2\/product_tag?post=3311"}],"curies":[{"name":"wp","href":"https:\/\/api.w.org\/{rel}","templated":true}]}}