{"id":3327,"date":"2025-10-07T23:52:03","date_gmt":"2025-10-07T21:52:03","guid":{"rendered":"https:\/\/www.3dprintrg.sk\/?post_type=product&#038;p=3327"},"modified":"2026-01-09T10:30:16","modified_gmt":"2026-01-09T09:30:16","slug":"vianocna-ozdoba-luskacik","status":"publish","type":"product","link":"https:\/\/www.3dprintrg.sk\/cz\/produkt\/vianocna-ozdoba-luskacik\/","title":{"rendered":"Viano\u010dn\u00e1 ozdoba LUSK\u00c1\u010cIK"},"content":{"rendered":"<p>Viano\u010dn\u00e1 ozdoba Lusk\u00e1\u010dik<\/p>\n<p>V\u00fd\u0161ka 8 cm<\/p>\n<p>Vhodn\u00e9 aj ako dar\u010dek do mikul\u00e1\u0161skych bal\u00ed\u010dkov<br \/>\nCena je za 1 ks<\/p>\n<p>Dekor\u00e1cia je vyroben\u00e1 z PLA plastu,plast je vyroben\u00fd z obnovite\u013en\u00fdch zdrojov, ako je kukuri\u010dn\u00fd \u0161krob, cukrov\u00e1 trstina alebo zemiakov\u00fd \u0161krob,PLA plast je netoxick\u00fd a bezpe\u010dn\u00fd na styk s potravinami.<\/p>","protected":false},"excerpt":{"rendered":"<p>Viano\u010dn\u00e1 ozdoba Lusk\u00e1\u010dik<\/p>\n<p>V\u00fd\u0161ka 8 cm<\/p>\n<p>Vhodn\u00e9 aj ako dar\u010dek do mikul\u00e1\u0161skych bal\u00ed\u010dkov<br \/>\nCena je za 1 ks<\/p>","protected":false},"featured_media":3328,"comment_status":"open","ping_status":"closed","template":"","meta":{"_et_pb_use_builder":"","_et_pb_old_content":"","_et_gb_content_width":"","iawp_total_views":6},"product_brand":[],"product_cat":[32],"product_tag":[539,531,532,537,427],"class_list":{"0":"post-3327","1":"product","2":"type-product","3":"status-publish","4":"has-post-thumbnail","6":"product_cat-vianocne-dekoracie","7":"product_tag-luskacik","8":"product_tag-ozdoba","9":"product_tag-stromcek","10":"product_tag-vianoce","11":"product_tag-vianocna-ozdoba","13":"first","14":"instock","15":"purchasable","16":"product-type-simple"},"jetpack_sharing_enabled":true,"_links":{"self":[{"href":"https:\/\/www.3dprintrg.sk\/cz\/wp-json\/wp\/v2\/product\/3327","targetHints":{"allow":["GET"]}}],"collection":[{"href":"https:\/\/www.3dprintrg.sk\/cz\/wp-json\/wp\/v2\/product"}],"about":[{"href":"https:\/\/www.3dprintrg.sk\/cz\/wp-json\/wp\/v2\/types\/product"}],"replies":[{"embeddable":true,"href":"https:\/\/www.3dprintrg.sk\/cz\/wp-json\/wp\/v2\/comments?post=3327"}],"wp:featuredmedia":[{"embeddable":true,"href":"https:\/\/www.3dprintrg.sk\/cz\/wp-json\/wp\/v2\/media\/3328"}],"wp:attachment":[{"href":"https:\/\/www.3dprintrg.sk\/cz\/wp-json\/wp\/v2\/media?parent=3327"}],"wp:term":[{"taxonomy":"product_brand","embeddable":true,"href":"https:\/\/www.3dprintrg.sk\/cz\/wp-json\/wp\/v2\/product_brand?post=3327"},{"taxonomy":"product_cat","embeddable":true,"href":"https:\/\/www.3dprintrg.sk\/cz\/wp-json\/wp\/v2\/product_cat?post=3327"},{"taxonomy":"product_tag","embeddable":true,"href":"https:\/\/www.3dprintrg.sk\/cz\/wp-json\/wp\/v2\/product_tag?post=3327"}],"curies":[{"name":"wp","href":"https:\/\/api.w.org\/{rel}","templated":true}]}}