{"id":3333,"date":"2025-10-08T00:01:09","date_gmt":"2025-10-07T22:01:09","guid":{"rendered":"https:\/\/www.3dprintrg.sk\/?post_type=product&#038;p=3333"},"modified":"2026-01-09T10:30:10","modified_gmt":"2026-01-09T09:30:10","slug":"zlate-zrkadlove-meno","status":"publish","type":"product","link":"https:\/\/www.3dprintrg.sk\/cz\/produkt\/zlate-zrkadlove-meno\/","title":{"rendered":"Zlat\u00e9 zrkadlov\u00e9 meno"},"content":{"rendered":"<p>Zlat\u00e9 zrkadlove meno <\/p>\n<p>Rozmer 15 cm<\/p>\n<p>Pred pou\u017eit\u00edm na tortu treba opatrne odstr\u00e1ni\u0165 vrchn\u00fa ochrann\u00fa f\u00f3liu.<\/p>","protected":false},"excerpt":{"rendered":"<p>Zlat\u00e9 zrkadlove meno <\/p>\n<p>Rozmer 15 cm<\/p>\n<p>Pred pou\u017eit\u00edm na tortu treba opatrne odstr\u00e1ni\u0165 vrchn\u00fa ochrann\u00fa f\u00f3liu.<\/p>","protected":false},"featured_media":3334,"comment_status":"open","ping_status":"closed","template":"","meta":{"_et_pb_use_builder":"","_et_pb_old_content":"","_et_gb_content_width":"","iawp_total_views":31},"product_brand":[],"product_cat":[495,28],"product_tag":[],"class_list":{"0":"post-3333","1":"product","2":"type-product","3":"status-publish","4":"has-post-thumbnail","6":"product_cat-zrkadlove-zapichy","7":"product_cat-mena","8":"wcpa_has_options","10":"first","11":"instock","12":"purchasable","13":"product-type-simple"},"jetpack_sharing_enabled":true,"_links":{"self":[{"href":"https:\/\/www.3dprintrg.sk\/cz\/wp-json\/wp\/v2\/product\/3333","targetHints":{"allow":["GET"]}}],"collection":[{"href":"https:\/\/www.3dprintrg.sk\/cz\/wp-json\/wp\/v2\/product"}],"about":[{"href":"https:\/\/www.3dprintrg.sk\/cz\/wp-json\/wp\/v2\/types\/product"}],"replies":[{"embeddable":true,"href":"https:\/\/www.3dprintrg.sk\/cz\/wp-json\/wp\/v2\/comments?post=3333"}],"wp:featuredmedia":[{"embeddable":true,"href":"https:\/\/www.3dprintrg.sk\/cz\/wp-json\/wp\/v2\/media\/3334"}],"wp:attachment":[{"href":"https:\/\/www.3dprintrg.sk\/cz\/wp-json\/wp\/v2\/media?parent=3333"}],"wp:term":[{"taxonomy":"product_brand","embeddable":true,"href":"https:\/\/www.3dprintrg.sk\/cz\/wp-json\/wp\/v2\/product_brand?post=3333"},{"taxonomy":"product_cat","embeddable":true,"href":"https:\/\/www.3dprintrg.sk\/cz\/wp-json\/wp\/v2\/product_cat?post=3333"},{"taxonomy":"product_tag","embeddable":true,"href":"https:\/\/www.3dprintrg.sk\/cz\/wp-json\/wp\/v2\/product_tag?post=3333"}],"curies":[{"name":"wp","href":"https:\/\/api.w.org\/{rel}","templated":true}]}}