{"id":3336,"date":"2025-10-08T10:01:22","date_gmt":"2025-10-08T08:01:22","guid":{"rendered":"https:\/\/www.3dprintrg.sk\/?post_type=product&#038;p=3336"},"modified":"2026-01-09T10:30:33","modified_gmt":"2026-01-09T09:30:33","slug":"zapich-papierovy-skye-z-labkovej-patroly","status":"publish","type":"product","link":"https:\/\/www.3dprintrg.sk\/cz\/produkt\/zapich-papierovy-skye-z-labkovej-patroly\/","title":{"rendered":"Z\u00e1pich papierov\u00fd Skye z Labkovej patroly"},"content":{"rendered":"<p>Papierov\u00fd z\u00e1pich Skye + logo z rozpravky.<br \/>\nRozmer skye cca 13cm<br \/>\nlogo cca 8 cm <\/p>","protected":false},"excerpt":{"rendered":"<p>Papierov\u00fd z\u00e1pich Skye + logo z rozpravky.<br \/>\nRozmer skye cca 13cm<br \/>\nlogo cca 8 cm <\/p>","protected":false},"featured_media":3337,"comment_status":"open","ping_status":"closed","template":"","meta":{"_et_pb_use_builder":"","_et_pb_old_content":"","_et_gb_content_width":"","iawp_total_views":10},"product_brand":[],"product_cat":[26],"product_tag":[386],"class_list":{"0":"post-3336","1":"product","2":"type-product","3":"status-publish","4":"has-post-thumbnail","6":"product_cat-papierove-zapichy","7":"product_tag-skye","9":"first","10":"instock","11":"purchasable","12":"product-type-simple"},"jetpack_sharing_enabled":true,"_links":{"self":[{"href":"https:\/\/www.3dprintrg.sk\/cz\/wp-json\/wp\/v2\/product\/3336","targetHints":{"allow":["GET"]}}],"collection":[{"href":"https:\/\/www.3dprintrg.sk\/cz\/wp-json\/wp\/v2\/product"}],"about":[{"href":"https:\/\/www.3dprintrg.sk\/cz\/wp-json\/wp\/v2\/types\/product"}],"replies":[{"embeddable":true,"href":"https:\/\/www.3dprintrg.sk\/cz\/wp-json\/wp\/v2\/comments?post=3336"}],"wp:featuredmedia":[{"embeddable":true,"href":"https:\/\/www.3dprintrg.sk\/cz\/wp-json\/wp\/v2\/media\/3337"}],"wp:attachment":[{"href":"https:\/\/www.3dprintrg.sk\/cz\/wp-json\/wp\/v2\/media?parent=3336"}],"wp:term":[{"taxonomy":"product_brand","embeddable":true,"href":"https:\/\/www.3dprintrg.sk\/cz\/wp-json\/wp\/v2\/product_brand?post=3336"},{"taxonomy":"product_cat","embeddable":true,"href":"https:\/\/www.3dprintrg.sk\/cz\/wp-json\/wp\/v2\/product_cat?post=3336"},{"taxonomy":"product_tag","embeddable":true,"href":"https:\/\/www.3dprintrg.sk\/cz\/wp-json\/wp\/v2\/product_tag?post=3336"}],"curies":[{"name":"wp","href":"https:\/\/api.w.org\/{rel}","templated":true}]}}