{"id":3413,"date":"2025-10-16T08:14:22","date_gmt":"2025-10-16T06:14:22","guid":{"rendered":"https:\/\/www.3dprintrg.sk\/?post_type=product&#038;p=3413"},"modified":"2026-01-09T10:30:58","modified_gmt":"2026-01-09T09:30:58","slug":"bublie-vaza","status":"publish","type":"product","link":"https:\/\/www.3dprintrg.sk\/cz\/produkt\/bublie-vaza\/","title":{"rendered":"BUBLIE v\u00e1za"},"content":{"rendered":"<p>BUBLIE dekoracn\u00e1 v\u00e1za v krasne Wild sage zelenej farbe<br \/>\nV\u00e1za je vysok\u00e1 20,5 cm <\/p>\n<p>Do pozn\u00e1mky uvedte ak si \u017eel\u00e1te in\u00fa farbu ako je zelena.<\/p>","protected":false},"excerpt":{"rendered":"<p>BUBLIE dekoracn\u00e1 v\u00e1za v krasne Wild sage zelenej farbe<br \/>\nV\u00e1za je vysok\u00e1 20,5 cm <\/p>\n<p>Do pozn\u00e1mky uvedte ak si \u017eel\u00e1te in\u00fa farbu ako je zelena.<\/p>","protected":false},"featured_media":3414,"comment_status":"open","ping_status":"closed","template":"","meta":{"_et_pb_use_builder":"","_et_pb_old_content":"","_et_gb_content_width":"","iawp_total_views":16},"product_brand":[],"product_cat":[44],"product_tag":[228],"class_list":{"0":"post-3413","1":"product","2":"type-product","3":"status-publish","4":"has-post-thumbnail","6":"product_cat-vazy","7":"product_tag-vaza","8":"wcpa_has_options","10":"first","11":"instock","12":"sale","13":"purchasable","14":"product-type-simple"},"jetpack_sharing_enabled":true,"_links":{"self":[{"href":"https:\/\/www.3dprintrg.sk\/cz\/wp-json\/wp\/v2\/product\/3413","targetHints":{"allow":["GET"]}}],"collection":[{"href":"https:\/\/www.3dprintrg.sk\/cz\/wp-json\/wp\/v2\/product"}],"about":[{"href":"https:\/\/www.3dprintrg.sk\/cz\/wp-json\/wp\/v2\/types\/product"}],"replies":[{"embeddable":true,"href":"https:\/\/www.3dprintrg.sk\/cz\/wp-json\/wp\/v2\/comments?post=3413"}],"wp:featuredmedia":[{"embeddable":true,"href":"https:\/\/www.3dprintrg.sk\/cz\/wp-json\/wp\/v2\/media\/3414"}],"wp:attachment":[{"href":"https:\/\/www.3dprintrg.sk\/cz\/wp-json\/wp\/v2\/media?parent=3413"}],"wp:term":[{"taxonomy":"product_brand","embeddable":true,"href":"https:\/\/www.3dprintrg.sk\/cz\/wp-json\/wp\/v2\/product_brand?post=3413"},{"taxonomy":"product_cat","embeddable":true,"href":"https:\/\/www.3dprintrg.sk\/cz\/wp-json\/wp\/v2\/product_cat?post=3413"},{"taxonomy":"product_tag","embeddable":true,"href":"https:\/\/www.3dprintrg.sk\/cz\/wp-json\/wp\/v2\/product_tag?post=3413"}],"curies":[{"name":"wp","href":"https:\/\/api.w.org\/{rel}","templated":true}]}}