{"id":3419,"date":"2025-10-21T16:20:30","date_gmt":"2025-10-21T14:20:30","guid":{"rendered":"https:\/\/www.3dprintrg.sk\/?post_type=product&#038;p=3419"},"modified":"2026-01-09T10:29:36","modified_gmt":"2026-01-09T09:29:36","slug":"vianocna-ozdoba-s-menom","status":"publish","type":"product","link":"https:\/\/www.3dprintrg.sk\/cz\/produkt\/vianocna-ozdoba-s-menom\/","title":{"rendered":"Viano\u010dn\u00e1 ozdoba s menom"},"content":{"rendered":"<p>Viano\u010dn\u00e1 ozdoba vlo\u010dka s menom <\/p>\n<p>Vyberte si farbu vlo\u010dky, meno bude v\u017edy biele<\/p>\n<p>Rozmer 10 cm <\/p>\n<p>Cena za 1 ks<\/p>","protected":false},"excerpt":{"rendered":"<p>Viano\u010dn\u00e1 ozdoba vlo\u010dka s menom <\/p>\n<p>Vyberte si farbu vlo\u010dky, meno bude v\u017edy biele<\/p>\n<p>Rozmer 10 cm <\/p>\n<p>Cena za 1 ks<\/p>","protected":false},"featured_media":3420,"comment_status":"open","ping_status":"closed","template":"","meta":{"_et_pb_use_builder":"","_et_pb_old_content":"","_et_gb_content_width":"","iawp_total_views":26},"product_brand":[],"product_cat":[32],"product_tag":[531,537,427,544,555],"class_list":{"0":"post-3419","1":"product","2":"type-product","3":"status-publish","4":"has-post-thumbnail","6":"product_cat-vianocne-dekoracie","7":"product_tag-ozdoba","8":"product_tag-vianoce","9":"product_tag-vianocna-ozdoba","10":"product_tag-vlocka","11":"product_tag-vlocka-s-menom","12":"wcpa_has_options","14":"first","15":"instock","16":"purchasable","17":"product-type-variable"},"jetpack_sharing_enabled":true,"_links":{"self":[{"href":"https:\/\/www.3dprintrg.sk\/cz\/wp-json\/wp\/v2\/product\/3419","targetHints":{"allow":["GET"]}}],"collection":[{"href":"https:\/\/www.3dprintrg.sk\/cz\/wp-json\/wp\/v2\/product"}],"about":[{"href":"https:\/\/www.3dprintrg.sk\/cz\/wp-json\/wp\/v2\/types\/product"}],"replies":[{"embeddable":true,"href":"https:\/\/www.3dprintrg.sk\/cz\/wp-json\/wp\/v2\/comments?post=3419"}],"wp:featuredmedia":[{"embeddable":true,"href":"https:\/\/www.3dprintrg.sk\/cz\/wp-json\/wp\/v2\/media\/3420"}],"wp:attachment":[{"href":"https:\/\/www.3dprintrg.sk\/cz\/wp-json\/wp\/v2\/media?parent=3419"}],"wp:term":[{"taxonomy":"product_brand","embeddable":true,"href":"https:\/\/www.3dprintrg.sk\/cz\/wp-json\/wp\/v2\/product_brand?post=3419"},{"taxonomy":"product_cat","embeddable":true,"href":"https:\/\/www.3dprintrg.sk\/cz\/wp-json\/wp\/v2\/product_cat?post=3419"},{"taxonomy":"product_tag","embeddable":true,"href":"https:\/\/www.3dprintrg.sk\/cz\/wp-json\/wp\/v2\/product_tag?post=3419"}],"curies":[{"name":"wp","href":"https:\/\/api.w.org\/{rel}","templated":true}]}}