{"id":3434,"date":"2025-10-23T17:45:54","date_gmt":"2025-10-23T15:45:54","guid":{"rendered":"https:\/\/www.3dprintrg.sk\/?post_type=product&#038;p=3434"},"modified":"2026-01-09T10:29:37","modified_gmt":"2026-01-09T09:29:37","slug":"vianocna-ozdoba-grinch-s-menom","status":"publish","type":"product","link":"https:\/\/www.3dprintrg.sk\/cz\/produkt\/vianocna-ozdoba-grinch-s-menom\/","title":{"rendered":"Viano\u010dna ozdoba Grinch s menom"},"content":{"rendered":"<p>Viano\u010dn\u00e1 ozdoba Grinch s menom na zavesenie na strom\u010dek<br \/>\nV\u00fd\u0161ka 9 cm <\/p>\n<p>Cena za 1 ks <\/p>","protected":false},"excerpt":{"rendered":"<p>Viano\u010dn\u00e1 ozdoba Grinch s menom na zavesenie na strom\u010dek<br \/>\nV\u00fd\u0161ka 9 cm <\/p>\n<p>Cena za 1 ks <\/p>","protected":false},"featured_media":3435,"comment_status":"open","ping_status":"closed","template":"","meta":{"_et_pb_use_builder":"","_et_pb_old_content":"","_et_gb_content_width":"","iawp_total_views":14},"product_brand":[],"product_cat":[32],"product_tag":[556,64,531,557,537],"class_list":{"0":"post-3434","1":"product","2":"type-product","3":"status-publish","4":"has-post-thumbnail","6":"product_cat-vianocne-dekoracie","7":"product_tag-grinch","8":"product_tag-meno","9":"product_tag-ozdoba","10":"product_tag-ozdoba-s-menom","11":"product_tag-vianoce","12":"wcpa_has_options","14":"first","15":"instock","16":"purchasable","17":"product-type-simple"},"jetpack_sharing_enabled":true,"_links":{"self":[{"href":"https:\/\/www.3dprintrg.sk\/cz\/wp-json\/wp\/v2\/product\/3434","targetHints":{"allow":["GET"]}}],"collection":[{"href":"https:\/\/www.3dprintrg.sk\/cz\/wp-json\/wp\/v2\/product"}],"about":[{"href":"https:\/\/www.3dprintrg.sk\/cz\/wp-json\/wp\/v2\/types\/product"}],"replies":[{"embeddable":true,"href":"https:\/\/www.3dprintrg.sk\/cz\/wp-json\/wp\/v2\/comments?post=3434"}],"wp:featuredmedia":[{"embeddable":true,"href":"https:\/\/www.3dprintrg.sk\/cz\/wp-json\/wp\/v2\/media\/3435"}],"wp:attachment":[{"href":"https:\/\/www.3dprintrg.sk\/cz\/wp-json\/wp\/v2\/media?parent=3434"}],"wp:term":[{"taxonomy":"product_brand","embeddable":true,"href":"https:\/\/www.3dprintrg.sk\/cz\/wp-json\/wp\/v2\/product_brand?post=3434"},{"taxonomy":"product_cat","embeddable":true,"href":"https:\/\/www.3dprintrg.sk\/cz\/wp-json\/wp\/v2\/product_cat?post=3434"},{"taxonomy":"product_tag","embeddable":true,"href":"https:\/\/www.3dprintrg.sk\/cz\/wp-json\/wp\/v2\/product_tag?post=3434"}],"curies":[{"name":"wp","href":"https:\/\/api.w.org\/{rel}","templated":true}]}}