{"id":3445,"date":"2025-10-27T13:37:19","date_gmt":"2025-10-27T12:37:19","guid":{"rendered":"https:\/\/www.3dprintrg.sk\/?post_type=product&#038;p=3445"},"modified":"2025-10-27T13:37:20","modified_gmt":"2025-10-27T12:37:20","slug":"ihlan-vaza","status":"publish","type":"product","link":"https:\/\/www.3dprintrg.sk\/cz\/produkt\/ihlan-vaza\/","title":{"rendered":"IHLAN v\u00e1za"},"content":{"rendered":"<p>IHLAN v\u00e1za v \u010disto bielej farbe <\/p>\n<p>Kr\u00e1sny doplnok do dom\u00e1cnosti a skvel\u00fd aj ako dar\u010dek  <\/p>\n<p>V\u00fd\u0161ka 20 cm <\/p>\n<p>Do pozn\u00e1mky uvedte ak si \u017eel\u00e1te in\u00fa farbu<\/p>","protected":false},"excerpt":{"rendered":"<p>IHLAN v\u00e1za v \u010disto bielej farbe <\/p>\n<p>Kr\u00e1sny doplnok do dom\u00e1cnosti a skvel\u00fd aj ako dar\u010dek  <\/p>\n<p>V\u00fd\u0161ka 20 cm <\/p>\n<p>Do pozn\u00e1mky uvedte ak si \u017eel\u00e1te in\u00fa farbu<\/p>","protected":false},"featured_media":3446,"comment_status":"open","ping_status":"closed","template":"","meta":{"_et_pb_use_builder":"","_et_pb_old_content":"","_et_gb_content_width":"","iawp_total_views":17},"product_brand":[],"product_cat":[44],"product_tag":[228],"class_list":{"0":"post-3445","1":"product","2":"type-product","3":"status-publish","4":"has-post-thumbnail","6":"product_cat-vazy","7":"product_tag-vaza","8":"wcpa_has_options","10":"first","11":"instock","12":"sale","13":"purchasable","14":"product-type-simple"},"jetpack_sharing_enabled":true,"_links":{"self":[{"href":"https:\/\/www.3dprintrg.sk\/cz\/wp-json\/wp\/v2\/product\/3445","targetHints":{"allow":["GET"]}}],"collection":[{"href":"https:\/\/www.3dprintrg.sk\/cz\/wp-json\/wp\/v2\/product"}],"about":[{"href":"https:\/\/www.3dprintrg.sk\/cz\/wp-json\/wp\/v2\/types\/product"}],"replies":[{"embeddable":true,"href":"https:\/\/www.3dprintrg.sk\/cz\/wp-json\/wp\/v2\/comments?post=3445"}],"wp:featuredmedia":[{"embeddable":true,"href":"https:\/\/www.3dprintrg.sk\/cz\/wp-json\/wp\/v2\/media\/3446"}],"wp:attachment":[{"href":"https:\/\/www.3dprintrg.sk\/cz\/wp-json\/wp\/v2\/media?parent=3445"}],"wp:term":[{"taxonomy":"product_brand","embeddable":true,"href":"https:\/\/www.3dprintrg.sk\/cz\/wp-json\/wp\/v2\/product_brand?post=3445"},{"taxonomy":"product_cat","embeddable":true,"href":"https:\/\/www.3dprintrg.sk\/cz\/wp-json\/wp\/v2\/product_cat?post=3445"},{"taxonomy":"product_tag","embeddable":true,"href":"https:\/\/www.3dprintrg.sk\/cz\/wp-json\/wp\/v2\/product_tag?post=3445"}],"curies":[{"name":"wp","href":"https:\/\/api.w.org\/{rel}","templated":true}]}}