{"id":3464,"date":"2025-10-29T18:54:23","date_gmt":"2025-10-29T17:54:23","guid":{"rendered":"https:\/\/www.3dprintrg.sk\/?post_type=product&#038;p=3464"},"modified":"2025-11-07T09:34:57","modified_gmt":"2025-11-07T08:34:57","slug":"papierova-taska-na-mikulasa","status":"publish","type":"product","link":"https:\/\/www.3dprintrg.sk\/cz\/produkt\/papierova-taska-na-mikulasa\/","title":{"rendered":"Papierov\u00e1 ta\u0161ka na mikul\u00e1\u0161a"},"content":{"rendered":"<p>Papierov\u00e1 ta\u0161ka s obr\u00e1zkom a menom na Mikul\u00e1\u0161a<br \/>\nDo pozn\u00e1mky uvedte meno a m\u00f4\u017eete si vlo\u017ei\u0165 aj obr\u00e1zok ktor\u00fd by ste si priali ma\u0165 na ta\u0161ke.<\/p>\n<p>Rozmer 24*11*33cm <\/p>","protected":false},"excerpt":{"rendered":"<p>Papierov\u00e1 ta\u0161ka s obr\u00e1zkom a menom na Mikul\u00e1\u0161a<br \/>\nDo pozn\u00e1mky uvedte meno a m\u00f4\u017eete si vlo\u017ei\u0165 aj obr\u00e1zok ktor\u00fd by ste si priali ma\u0165 na ta\u0161ke.<\/p>\n<p>Rozmer 24*11*33cm <\/p>","protected":false},"featured_media":3517,"comment_status":"open","ping_status":"closed","template":"","meta":{"_et_pb_use_builder":"","_et_pb_old_content":"","_et_gb_content_width":"","iawp_total_views":32},"product_brand":[],"product_cat":[32,476],"product_tag":[538,564,477],"class_list":{"0":"post-3464","1":"product","2":"type-product","3":"status-publish","4":"has-post-thumbnail","6":"product_cat-vianocne-dekoracie","7":"product_cat-nakupna-taska","8":"product_tag-mikulas","9":"product_tag-papierova-taska","10":"product_tag-taska","11":"wcpa_has_options","13":"first","14":"instock","15":"purchasable","16":"product-type-simple"},"jetpack_sharing_enabled":true,"_links":{"self":[{"href":"https:\/\/www.3dprintrg.sk\/cz\/wp-json\/wp\/v2\/product\/3464","targetHints":{"allow":["GET"]}}],"collection":[{"href":"https:\/\/www.3dprintrg.sk\/cz\/wp-json\/wp\/v2\/product"}],"about":[{"href":"https:\/\/www.3dprintrg.sk\/cz\/wp-json\/wp\/v2\/types\/product"}],"replies":[{"embeddable":true,"href":"https:\/\/www.3dprintrg.sk\/cz\/wp-json\/wp\/v2\/comments?post=3464"}],"wp:featuredmedia":[{"embeddable":true,"href":"https:\/\/www.3dprintrg.sk\/cz\/wp-json\/wp\/v2\/media\/3517"}],"wp:attachment":[{"href":"https:\/\/www.3dprintrg.sk\/cz\/wp-json\/wp\/v2\/media?parent=3464"}],"wp:term":[{"taxonomy":"product_brand","embeddable":true,"href":"https:\/\/www.3dprintrg.sk\/cz\/wp-json\/wp\/v2\/product_brand?post=3464"},{"taxonomy":"product_cat","embeddable":true,"href":"https:\/\/www.3dprintrg.sk\/cz\/wp-json\/wp\/v2\/product_cat?post=3464"},{"taxonomy":"product_tag","embeddable":true,"href":"https:\/\/www.3dprintrg.sk\/cz\/wp-json\/wp\/v2\/product_tag?post=3464"}],"curies":[{"name":"wp","href":"https:\/\/api.w.org\/{rel}","templated":true}]}}