{"id":3466,"date":"2025-10-31T17:13:44","date_gmt":"2025-10-31T16:13:44","guid":{"rendered":"https:\/\/www.3dprintrg.sk\/?post_type=product&#038;p=3466"},"modified":"2025-10-31T17:13:45","modified_gmt":"2025-10-31T16:13:45","slug":"organizer-na-colour-milch-farby","status":"publish","type":"product","link":"https:\/\/www.3dprintrg.sk\/cz\/produkt\/organizer-na-colour-milch-farby\/","title":{"rendered":"Organiz\u00e9r na colour milch farby"},"content":{"rendered":"<p>Organiz\u00e9r na colour milch farby pre cukr\u00e1rky<\/p>\n<p>vojde a\u017e 32 farieb<\/p>\n<p>Rormer cca 24*13*4,5cm<\/p>\n<p>do pozn\u00e1mky nap\u00ed\u0161te farbu ak\u00fa si prajete a text ktor\u00fd by ste si priali . <\/p>","protected":false},"excerpt":{"rendered":"<p>Organiz\u00e9r na colour milch farby pre cukr\u00e1rky<\/p>\n<p>vojde a\u017e 32 farieb<\/p>\n<p>Rormer cca 24*13*4,5cm<\/p>\n<p>do pozn\u00e1mky nap\u00ed\u0161te farbu ak\u00fa si prajete a text ktor\u00fd by ste si priali . <\/p>","protected":false},"featured_media":3467,"comment_status":"open","ping_status":"closed","template":"","meta":{"_et_pb_use_builder":"","_et_pb_old_content":"","_et_gb_content_width":"","iawp_total_views":17},"product_brand":[],"product_cat":[31,77],"product_tag":[566,567,568,565],"class_list":{"0":"post-3466","1":"product","2":"type-product","3":"status-publish","4":"has-post-thumbnail","6":"product_cat-dekoracie","7":"product_cat-rozne","8":"product_tag-farba","9":"product_tag-farby","10":"product_tag-organizer","11":"product_tag-organizer-na-farby","12":"wcpa_has_options","14":"first","15":"instock","16":"purchasable","17":"product-type-simple"},"jetpack_sharing_enabled":true,"_links":{"self":[{"href":"https:\/\/www.3dprintrg.sk\/cz\/wp-json\/wp\/v2\/product\/3466","targetHints":{"allow":["GET"]}}],"collection":[{"href":"https:\/\/www.3dprintrg.sk\/cz\/wp-json\/wp\/v2\/product"}],"about":[{"href":"https:\/\/www.3dprintrg.sk\/cz\/wp-json\/wp\/v2\/types\/product"}],"replies":[{"embeddable":true,"href":"https:\/\/www.3dprintrg.sk\/cz\/wp-json\/wp\/v2\/comments?post=3466"}],"wp:featuredmedia":[{"embeddable":true,"href":"https:\/\/www.3dprintrg.sk\/cz\/wp-json\/wp\/v2\/media\/3467"}],"wp:attachment":[{"href":"https:\/\/www.3dprintrg.sk\/cz\/wp-json\/wp\/v2\/media?parent=3466"}],"wp:term":[{"taxonomy":"product_brand","embeddable":true,"href":"https:\/\/www.3dprintrg.sk\/cz\/wp-json\/wp\/v2\/product_brand?post=3466"},{"taxonomy":"product_cat","embeddable":true,"href":"https:\/\/www.3dprintrg.sk\/cz\/wp-json\/wp\/v2\/product_cat?post=3466"},{"taxonomy":"product_tag","embeddable":true,"href":"https:\/\/www.3dprintrg.sk\/cz\/wp-json\/wp\/v2\/product_tag?post=3466"}],"curies":[{"name":"wp","href":"https:\/\/api.w.org\/{rel}","templated":true}]}}