{"id":3469,"date":"2025-10-31T17:18:54","date_gmt":"2025-10-31T16:18:54","guid":{"rendered":"https:\/\/www.3dprintrg.sk\/?post_type=product&#038;p=3469"},"modified":"2025-10-31T17:18:57","modified_gmt":"2025-10-31T16:18:57","slug":"vianocna-gula-s-mrazivym-vzhladom","status":"publish","type":"product","link":"https:\/\/www.3dprintrg.sk\/cz\/produkt\/vianocna-gula-s-mrazivym-vzhladom\/","title":{"rendered":"Viano\u010dn\u00e1 gu\u013ea s mraziv\u00fdm vzh\u013eadom"},"content":{"rendered":"<p>Biela viano\u010dn\u00e1 gu\u013ea s mraziv\u00fdm vzh\u013eadom <\/p>\n<p>Dod\u00e1vame ako set 6 ks<br \/>\nPriemer gule je 8 cm <\/p>\n<p>materi\u00e1l plast PLA<\/p>","protected":false},"excerpt":{"rendered":"<p>Biela viano\u010dn\u00e1 gu\u013ea s mraziv\u00fdm vzh\u013eadom <\/p>\n<p>Dod\u00e1vame ako set 6 ks<br \/>\nPriemer gule je 8 cm <\/p>","protected":false},"featured_media":3470,"comment_status":"open","ping_status":"closed","template":"","meta":{"_et_pb_use_builder":"","_et_pb_old_content":"","_et_gb_content_width":"","iawp_total_views":13},"product_brand":[],"product_cat":[32],"product_tag":[426,569,537,51],"class_list":{"0":"post-3469","1":"product","2":"type-product","3":"status-publish","4":"has-post-thumbnail","6":"product_cat-vianocne-dekoracie","7":"product_tag-gula","8":"product_tag-gula-na-stromcek","9":"product_tag-vianoce","10":"product_tag-vianocna-gula","12":"first","13":"instock","14":"purchasable","15":"product-type-simple"},"jetpack_sharing_enabled":true,"_links":{"self":[{"href":"https:\/\/www.3dprintrg.sk\/cz\/wp-json\/wp\/v2\/product\/3469","targetHints":{"allow":["GET"]}}],"collection":[{"href":"https:\/\/www.3dprintrg.sk\/cz\/wp-json\/wp\/v2\/product"}],"about":[{"href":"https:\/\/www.3dprintrg.sk\/cz\/wp-json\/wp\/v2\/types\/product"}],"replies":[{"embeddable":true,"href":"https:\/\/www.3dprintrg.sk\/cz\/wp-json\/wp\/v2\/comments?post=3469"}],"wp:featuredmedia":[{"embeddable":true,"href":"https:\/\/www.3dprintrg.sk\/cz\/wp-json\/wp\/v2\/media\/3470"}],"wp:attachment":[{"href":"https:\/\/www.3dprintrg.sk\/cz\/wp-json\/wp\/v2\/media?parent=3469"}],"wp:term":[{"taxonomy":"product_brand","embeddable":true,"href":"https:\/\/www.3dprintrg.sk\/cz\/wp-json\/wp\/v2\/product_brand?post=3469"},{"taxonomy":"product_cat","embeddable":true,"href":"https:\/\/www.3dprintrg.sk\/cz\/wp-json\/wp\/v2\/product_cat?post=3469"},{"taxonomy":"product_tag","embeddable":true,"href":"https:\/\/www.3dprintrg.sk\/cz\/wp-json\/wp\/v2\/product_tag?post=3469"}],"curies":[{"name":"wp","href":"https:\/\/api.w.org\/{rel}","templated":true}]}}